{"id":203667,"date":"2021-10-05T10:34:11","date_gmt":"2021-10-05T07:34:11","guid":{"rendered":"http:\/\/dev.tactic.net\/tuote\/trendy-bingo\/"},"modified":"2023-10-25T16:06:50","modified_gmt":"2023-10-25T13:06:50","slug":"trendy-bingo","status":"publish","type":"product","link":"https:\/\/games.tactic.net\/no\/tuote\/trendy-bingo\/","title":{"rendered":"Trendy Bingo"},"content":{"rendered":"<p>Ingenting sl\u00e5r en klassisk Bingo! Snurr bingo-buret, les opp tallet og h\u00f8r om noen roper Bingo! Med regler som er enkle \u00e5 l\u00e6re unnlater aldri dette klassiske spillet \u00e5 underholde og lage spenning! Med h\u00f8ykvalitets spilldeler og et stort bingo-bur i metall, er Collection Classique Bingo en skikkelig bingoslager! Kommer med et ekte Bingo-bur! Passer for spillere i alle aldre. En ekte autentisk Bingo opplevelse!<\/p>\n","protected":false},"excerpt":{"rendered":"<p>Ingenting sl\u00e5r en klassisk Bingo! Snurr bingo-buret, les opp tallet og h\u00f8r om noen roper Bingo! Med regler som er enkle \u00e5 l\u00e6re unnlater aldri dette klassiske spillet \u00e5 underholde og lage spenning! Med h\u00f8ykvalitets spilldeler og et stort bingo-bur i metall, er Collection Classique Bingo en skikkelig bingoslager!<\/p>\n","protected":false},"featured_media":0,"template":"","meta":{"content-type":"","_monsterinsights_skip_tracking":false,"_monsterinsights_sitenote_active":false,"_monsterinsights_sitenote_note":"","_monsterinsights_sitenote_category":0},"product_brand":[],"product_cat":[1599],"product_tag":[1003],"brand":[],"target-group":[],"discontinued":[],"class_list":{"0":"post-203667","1":"product","2":"type-product","3":"status-publish","5":"product_cat-klassiske-spill-familiespill","6":"product_tag-hell","8":"first","9":"instock","10":"taxable","11":"shipping-taxable","12":"product-type-simple"},"aioseo_notices":[],"_links":{"self":[{"href":"https:\/\/games.tactic.net\/no\/wp-json\/wp\/v2\/product\/203667","targetHints":{"allow":["GET"]}}],"collection":[{"href":"https:\/\/games.tactic.net\/no\/wp-json\/wp\/v2\/product"}],"about":[{"href":"https:\/\/games.tactic.net\/no\/wp-json\/wp\/v2\/types\/product"}],"wp:attachment":[{"href":"https:\/\/games.tactic.net\/no\/wp-json\/wp\/v2\/media?parent=203667"}],"wp:term":[{"taxonomy":"product_brand","embeddable":true,"href":"https:\/\/games.tactic.net\/no\/wp-json\/wp\/v2\/product_brand?post=203667"},{"taxonomy":"product_cat","embeddable":true,"href":"https:\/\/games.tactic.net\/no\/wp-json\/wp\/v2\/product_cat?post=203667"},{"taxonomy":"product_tag","embeddable":true,"href":"https:\/\/games.tactic.net\/no\/wp-json\/wp\/v2\/product_tag?post=203667"},{"taxonomy":"brand","embeddable":true,"href":"https:\/\/games.tactic.net\/no\/wp-json\/wp\/v2\/brand?post=203667"},{"taxonomy":"target-group","embeddable":true,"href":"https:\/\/games.tactic.net\/no\/wp-json\/wp\/v2\/target-group?post=203667"},{"taxonomy":"discontinued","embeddable":true,"href":"https:\/\/games.tactic.net\/no\/wp-json\/wp\/v2\/discontinued?post=203667"}],"curies":[{"name":"wp","href":"https:\/\/api.w.org\/{rel}","templated":true}]}}