{"id":203652,"date":"2021-10-05T10:33:05","date_gmt":"2021-10-05T07:33:05","guid":{"rendered":"http:\/\/dev.tactic.net\/tuote\/trendy-solitaire\/"},"modified":"2026-01-19T10:59:57","modified_gmt":"2026-01-19T08:59:57","slug":"trendy-solitaire","status":"archive","type":"product","link":"https:\/\/games.tactic.net\/no\/tuote\/trendy-solitaire\/","title":{"rendered":"Trendy Solitaire"},"content":{"rendered":"<p>Pr\u00f8v \u00e5 fjerne alle brikkene p\u00e5 brettet og ha kun \u00e8n igjen ved spillets slutt!<br \/>\nKan spilles med alternative regler eller i en konkurransesetting.<br \/>\nKlassisk solospill.<\/p>\n","protected":false},"excerpt":{"rendered":"<p>Pr\u00f8v \u00e5 fjerne alle brikkene p\u00e5 brettet og ha kun \u00e8n igjen ved spillets slutt!<\/p>\n","protected":false},"featured_media":0,"template":"","meta":{"content-type":"","_monsterinsights_skip_tracking":false,"_monsterinsights_sitenote_active":false,"_monsterinsights_sitenote_note":"","_monsterinsights_sitenote_category":0},"product_brand":[],"product_cat":[1599,1610],"product_tag":[1239],"brand":[],"target-group":[],"discontinued":[],"class_list":{"0":"post-203652","1":"product","2":"type-product","3":"status-archive","5":"product_cat-klassiske-spill-familiespill","6":"product_cat-klassiske-spill-voksenspill","7":"product_tag-strategi-no","9":"first","10":"outofstock","11":"taxable","12":"shipping-taxable","13":"product-type-simple"},"aioseo_notices":[],"_links":{"self":[{"href":"https:\/\/games.tactic.net\/no\/wp-json\/wp\/v2\/product\/203652","targetHints":{"allow":["GET"]}}],"collection":[{"href":"https:\/\/games.tactic.net\/no\/wp-json\/wp\/v2\/product"}],"about":[{"href":"https:\/\/games.tactic.net\/no\/wp-json\/wp\/v2\/types\/product"}],"wp:attachment":[{"href":"https:\/\/games.tactic.net\/no\/wp-json\/wp\/v2\/media?parent=203652"}],"wp:term":[{"taxonomy":"product_brand","embeddable":true,"href":"https:\/\/games.tactic.net\/no\/wp-json\/wp\/v2\/product_brand?post=203652"},{"taxonomy":"product_cat","embeddable":true,"href":"https:\/\/games.tactic.net\/no\/wp-json\/wp\/v2\/product_cat?post=203652"},{"taxonomy":"product_tag","embeddable":true,"href":"https:\/\/games.tactic.net\/no\/wp-json\/wp\/v2\/product_tag?post=203652"},{"taxonomy":"brand","embeddable":true,"href":"https:\/\/games.tactic.net\/no\/wp-json\/wp\/v2\/brand?post=203652"},{"taxonomy":"target-group","embeddable":true,"href":"https:\/\/games.tactic.net\/no\/wp-json\/wp\/v2\/target-group?post=203652"},{"taxonomy":"discontinued","embeddable":true,"href":"https:\/\/games.tactic.net\/no\/wp-json\/wp\/v2\/discontinued?post=203652"}],"curies":[{"name":"wp","href":"https:\/\/api.w.org\/{rel}","templated":true}]}}