{"id":203477,"date":"2021-10-05T10:26:25","date_gmt":"2021-10-05T07:26:25","guid":{"rendered":"http:\/\/dev.tactic.net\/tuote\/asted-brooklyn\/"},"modified":"2022-10-31T10:23:35","modified_gmt":"2022-10-31T08:23:35","slug":"asted-brooklyn","status":"publish","type":"product","link":"https:\/\/games.tactic.net\/no\/tuote\/asted-brooklyn\/","title":{"rendered":"Crime Scene Brooklyn 2002 board game"},"content":{"rendered":"<p>En forbrytelse er beg\u00e5tt, og det er din oppgave \u00e5 komme til bunns i mysteriet. I \u00c5sted befinner spillerne seg p\u00e5 \u00e5stedet for en fryktelig forbrytelse. Spillerne f\u00f8lger historien og skal v\u00e6re detektiver som samler bevis, finner sammenhenger og kommer fram til hvem som st\u00e5r bak det hele. Det er ingen tidsbegrensning, s\u00e5 spillerne kan ta seg god tid p\u00e5 etterforskningen \u2013 som starter p\u00e5 et snuskete hotellrom i Brooklyn i New York.<\/p>\n","protected":false},"excerpt":{"rendered":"<p>En forbrytelse er beg\u00e5tt, og det er din oppgave \u00e5 komme til bunns i mysteriet. I \u00c5sted befinner spillerne seg p\u00e5 \u00e5stedet for en fryktelig forbrytelse. Spillerne f\u00f8lger historien og skal v\u00e6re detektiver som samler bevis, finner sammenhenger og kommer fram til hvem som st\u00e5r bak det hele. Det er ingen tidsbegrensning, s\u00e5 spillerne kan [&hellip;]<\/p>\n","protected":false},"featured_media":0,"template":"","meta":{"content-type":"","_monsterinsights_skip_tracking":false,"_monsterinsights_sitenote_active":false,"_monsterinsights_sitenote_note":"","_monsterinsights_sitenote_category":0},"product_brand":[],"product_cat":[1672],"product_tag":[1342,1239],"brand":[{"id":884,"name":"Gamestorm Studio","slug":"gametormstudio"}],"target-group":[],"discontinued":[],"class_list":{"0":"post-203477","1":"product","2":"type-product","3":"status-publish","5":"product_cat-18-voksenspill","6":"product_tag-problemlosing","7":"product_tag-strategi-no","8":"brand-gametormstudio","10":"first","11":"instock","12":"taxable","13":"shipping-taxable","14":"product-type-simple"},"aioseo_notices":[],"_links":{"self":[{"href":"https:\/\/games.tactic.net\/no\/wp-json\/wp\/v2\/product\/203477","targetHints":{"allow":["GET"]}}],"collection":[{"href":"https:\/\/games.tactic.net\/no\/wp-json\/wp\/v2\/product"}],"about":[{"href":"https:\/\/games.tactic.net\/no\/wp-json\/wp\/v2\/types\/product"}],"wp:attachment":[{"href":"https:\/\/games.tactic.net\/no\/wp-json\/wp\/v2\/media?parent=203477"}],"wp:term":[{"taxonomy":"product_brand","embeddable":true,"href":"https:\/\/games.tactic.net\/no\/wp-json\/wp\/v2\/product_brand?post=203477"},{"taxonomy":"product_cat","embeddable":true,"href":"https:\/\/games.tactic.net\/no\/wp-json\/wp\/v2\/product_cat?post=203477"},{"taxonomy":"product_tag","embeddable":true,"href":"https:\/\/games.tactic.net\/no\/wp-json\/wp\/v2\/product_tag?post=203477"},{"taxonomy":"brand","embeddable":true,"href":"https:\/\/games.tactic.net\/no\/wp-json\/wp\/v2\/brand?post=203477"},{"taxonomy":"target-group","embeddable":true,"href":"https:\/\/games.tactic.net\/no\/wp-json\/wp\/v2\/target-group?post=203477"},{"taxonomy":"discontinued","embeddable":true,"href":"https:\/\/games.tactic.net\/no\/wp-json\/wp\/v2\/discontinued?post=203477"}],"curies":[{"name":"wp","href":"https:\/\/api.w.org\/{rel}","templated":true}]}}