{"id":203403,"date":"2021-10-05T10:16:58","date_gmt":"2021-10-05T07:16:58","guid":{"rendered":"http:\/\/dev.tactic.net\/tuote\/kokkelimonke\/"},"modified":"2023-10-25T16:23:39","modified_gmt":"2023-10-25T13:23:39","slug":"kokkelimonke","status":"publish","type":"product","link":"https:\/\/games.tactic.net\/no\/tuote\/kokkelimonke\/","title":{"rendered":"Kokkelimonke"},"content":{"rendered":"<p>Pr\u00f8v \u00e5 komme med den villeste, men ogs\u00e5 den mest troverdige forklaringen p\u00e5 faktaene p\u00e5 kortene! Spilleren som er best til \u00e5 bl\u00f8ffe, vinner!<br \/>\nInneholder en stor mengde interessante sp\u00f8rsm\u00e5l og svar.<br \/>\nMorsomt p\u00e5 enhver spillkveld!<\/p>\n","protected":false},"excerpt":{"rendered":"<p>Pr\u00f8v \u00e5 komme med den villeste, men ogs\u00e5 den mest troverdige forklaringen p\u00e5 faktaene p\u00e5 kortene! Spilleren som er best til \u00e5 bl\u00f8ffe, vinner!<\/p>\n","protected":false},"featured_media":0,"template":"","meta":{"content-type":"","_monsterinsights_skip_tracking":false,"_monsterinsights_sitenote_active":false,"_monsterinsights_sitenote_note":"","_monsterinsights_sitenote_category":0},"product_brand":[],"product_cat":[1662,1661],"product_tag":[324,1274,1204,1267],"brand":[],"target-group":[],"discontinued":[],"class_list":{"0":"post-203403","1":"product","2":"type-product","3":"status-publish","5":"product_cat-partyspill","6":"product_cat-selskapsspill-voksenspill","7":"product_tag-kreativ","8":"product_tag-kunnskap","9":"product_tag-ordforklaring-2","10":"product_tag-sammen-no","12":"first","13":"instock","14":"taxable","15":"shipping-taxable","16":"product-type-simple"},"aioseo_notices":[],"_links":{"self":[{"href":"https:\/\/games.tactic.net\/no\/wp-json\/wp\/v2\/product\/203403","targetHints":{"allow":["GET"]}}],"collection":[{"href":"https:\/\/games.tactic.net\/no\/wp-json\/wp\/v2\/product"}],"about":[{"href":"https:\/\/games.tactic.net\/no\/wp-json\/wp\/v2\/types\/product"}],"wp:attachment":[{"href":"https:\/\/games.tactic.net\/no\/wp-json\/wp\/v2\/media?parent=203403"}],"wp:term":[{"taxonomy":"product_brand","embeddable":true,"href":"https:\/\/games.tactic.net\/no\/wp-json\/wp\/v2\/product_brand?post=203403"},{"taxonomy":"product_cat","embeddable":true,"href":"https:\/\/games.tactic.net\/no\/wp-json\/wp\/v2\/product_cat?post=203403"},{"taxonomy":"product_tag","embeddable":true,"href":"https:\/\/games.tactic.net\/no\/wp-json\/wp\/v2\/product_tag?post=203403"},{"taxonomy":"brand","embeddable":true,"href":"https:\/\/games.tactic.net\/no\/wp-json\/wp\/v2\/brand?post=203403"},{"taxonomy":"target-group","embeddable":true,"href":"https:\/\/games.tactic.net\/no\/wp-json\/wp\/v2\/target-group?post=203403"},{"taxonomy":"discontinued","embeddable":true,"href":"https:\/\/games.tactic.net\/no\/wp-json\/wp\/v2\/discontinued?post=203403"}],"curies":[{"name":"wp","href":"https:\/\/api.w.org\/{rel}","templated":true}]}}