{"id":203388,"date":"2021-10-05T10:14:51","date_gmt":"2021-10-05T07:14:51","guid":{"rendered":"http:\/\/dev.tactic.net\/tuote\/sant-eller-usant\/"},"modified":"2023-10-25T16:26:29","modified_gmt":"2023-10-25T13:26:29","slug":"sant-eller-usant","status":"publish","type":"product","link":"https:\/\/games.tactic.net\/no\/tuote\/sant-eller-usant\/","title":{"rendered":"Sant eller usant?"},"content":{"rendered":"<p>Test kunnskapene dine om alt mulig i dette morsomme spillet! Det er opp til deg \u00e5 avgj\u00f8re om p\u00e5standene du h\u00f8rer, er sanne eller usanne. Vinneren er den som har samlet flest brikker.<br \/>\nOverraskende, fargerikt og underholdende.<br \/>\nMye moro for hele familien eller vennegruppa!<\/p>\n","protected":false},"excerpt":{"rendered":"<p>Test kunnskapene dine om alt mulig i dette morsomme spillet! Det er opp til deg \u00e5 avgj\u00f8re om p\u00e5standene du h\u00f8rer, er sanne eller usanne. Vinneren er den som har samlet flest brikker.<\/p>\n","protected":false},"featured_media":0,"template":"","meta":{"content-type":"","_monsterinsights_skip_tracking":false,"_monsterinsights_sitenote_active":false,"_monsterinsights_sitenote_note":"","_monsterinsights_sitenote_category":0},"product_brand":[],"product_cat":[1662,1661],"product_tag":[1274,388,994],"brand":[],"target-group":[],"discontinued":[],"class_list":{"0":"post-203388","1":"product","2":"type-product","3":"status-publish","5":"product_cat-partyspill","6":"product_cat-selskapsspill-voksenspill","7":"product_tag-kunnskap","8":"product_tag-pedagogisk","9":"product_tag-sammen","11":"first","12":"instock","13":"taxable","14":"shipping-taxable","15":"product-type-simple"},"aioseo_notices":[],"_links":{"self":[{"href":"https:\/\/games.tactic.net\/no\/wp-json\/wp\/v2\/product\/203388","targetHints":{"allow":["GET"]}}],"collection":[{"href":"https:\/\/games.tactic.net\/no\/wp-json\/wp\/v2\/product"}],"about":[{"href":"https:\/\/games.tactic.net\/no\/wp-json\/wp\/v2\/types\/product"}],"wp:attachment":[{"href":"https:\/\/games.tactic.net\/no\/wp-json\/wp\/v2\/media?parent=203388"}],"wp:term":[{"taxonomy":"product_brand","embeddable":true,"href":"https:\/\/games.tactic.net\/no\/wp-json\/wp\/v2\/product_brand?post=203388"},{"taxonomy":"product_cat","embeddable":true,"href":"https:\/\/games.tactic.net\/no\/wp-json\/wp\/v2\/product_cat?post=203388"},{"taxonomy":"product_tag","embeddable":true,"href":"https:\/\/games.tactic.net\/no\/wp-json\/wp\/v2\/product_tag?post=203388"},{"taxonomy":"brand","embeddable":true,"href":"https:\/\/games.tactic.net\/no\/wp-json\/wp\/v2\/brand?post=203388"},{"taxonomy":"target-group","embeddable":true,"href":"https:\/\/games.tactic.net\/no\/wp-json\/wp\/v2\/target-group?post=203388"},{"taxonomy":"discontinued","embeddable":true,"href":"https:\/\/games.tactic.net\/no\/wp-json\/wp\/v2\/discontinued?post=203388"}],"curies":[{"name":"wp","href":"https:\/\/api.w.org\/{rel}","templated":true}]}}