{"id":203359,"date":"2021-10-05T10:13:27","date_gmt":"2021-10-05T07:13:27","guid":{"rendered":"http:\/\/dev.tactic.net\/tuote\/gavespill-ja-eller-nei\/"},"modified":"2023-09-26T20:53:56","modified_gmt":"2023-09-26T17:53:56","slug":"gavespill-ja-eller-nei","status":"publish","type":"product","link":"https:\/\/games.tactic.net\/no\/tuote\/gavespill-ja-eller-nei\/","title":{"rendered":"Gavespill Ja eller nei?"},"content":{"rendered":"<p>I dette spillet er det enkelt \u00e5 svare \u2013 Bare legg et JA- eller NEI-kort p\u00e5 bordet etter at du har h\u00f8rt sp\u00f8rsm\u00e5let! Rett svar gir deg et kort, og den f\u00f8rste spilleren med fem kort vinner.<br \/>\nFlott og fargerik design.<br \/>\nSpillet er enkelt og fartsfylt.<\/p>\n","protected":false},"excerpt":{"rendered":"<p>I dette spillet er det enkelt \u00e5 svare \u2013 Bare legg et JA- eller NEI-kort p\u00e5 bordet etter at du har h\u00f8rt sp\u00f8rsm\u00e5let! Rett svar gir deg et kort, og den f\u00f8rste spilleren med fem kort vinner.<\/p>\n","protected":false},"featured_media":0,"template":"","meta":{"content-type":"","_monsterinsights_skip_tracking":false,"_monsterinsights_sitenote_active":false,"_monsterinsights_sitenote_note":"","_monsterinsights_sitenote_category":0},"product_brand":[],"product_cat":[1661],"product_tag":[1274,1267,969],"brand":[],"target-group":[],"discontinued":[],"class_list":{"0":"post-203359","1":"product","2":"type-product","3":"status-publish","5":"product_cat-selskapsspill-voksenspill","6":"product_tag-kunnskap","7":"product_tag-sammen-no","8":"product_tag-tidsfordriv-2","10":"first","11":"instock","12":"taxable","13":"shipping-taxable","14":"product-type-simple"},"aioseo_notices":[],"_links":{"self":[{"href":"https:\/\/games.tactic.net\/no\/wp-json\/wp\/v2\/product\/203359","targetHints":{"allow":["GET"]}}],"collection":[{"href":"https:\/\/games.tactic.net\/no\/wp-json\/wp\/v2\/product"}],"about":[{"href":"https:\/\/games.tactic.net\/no\/wp-json\/wp\/v2\/types\/product"}],"wp:attachment":[{"href":"https:\/\/games.tactic.net\/no\/wp-json\/wp\/v2\/media?parent=203359"}],"wp:term":[{"taxonomy":"product_brand","embeddable":true,"href":"https:\/\/games.tactic.net\/no\/wp-json\/wp\/v2\/product_brand?post=203359"},{"taxonomy":"product_cat","embeddable":true,"href":"https:\/\/games.tactic.net\/no\/wp-json\/wp\/v2\/product_cat?post=203359"},{"taxonomy":"product_tag","embeddable":true,"href":"https:\/\/games.tactic.net\/no\/wp-json\/wp\/v2\/product_tag?post=203359"},{"taxonomy":"brand","embeddable":true,"href":"https:\/\/games.tactic.net\/no\/wp-json\/wp\/v2\/brand?post=203359"},{"taxonomy":"target-group","embeddable":true,"href":"https:\/\/games.tactic.net\/no\/wp-json\/wp\/v2\/target-group?post=203359"},{"taxonomy":"discontinued","embeddable":true,"href":"https:\/\/games.tactic.net\/no\/wp-json\/wp\/v2\/discontinued?post=203359"}],"curies":[{"name":"wp","href":"https:\/\/api.w.org\/{rel}","templated":true}]}}