{"id":203274,"date":"2021-10-05T10:09:47","date_gmt":"2021-10-05T07:09:47","guid":{"rendered":"http:\/\/dev.tactic.net\/tuote\/hvem-er-jeg\/"},"modified":"2023-09-26T20:52:30","modified_gmt":"2023-09-26T17:52:30","slug":"hvem-er-jeg","status":"publish","type":"product","link":"https:\/\/games.tactic.net\/no\/tuote\/hvem-er-jeg\/","title":{"rendered":"Gavespill Hvem er jeg?"},"content":{"rendered":"<p>I dette morsomme og varierte spillet f\u00e5r du leke mimelek, synge og forklare med egne ord. Spilleren som har tur, trekker et kort, ser p\u00e5 baksiden av neste kort for \u00e5 f\u00e5 forklaringsmetoden, og velger en oppgave ut fra fire alternativer. Den f\u00f8rste som gjetter riktig, vinner et kort, og f\u00f8rste spiller med fem kort vinner!<br \/>\nFlott og fargerik design.<br \/>\nSpillet er enkelt og fartsfylt.<\/p>\n","protected":false},"excerpt":{"rendered":"<p>I dette morsomme og varierte spillet f\u00e5r du leke mimelek, synge og forklare med egne ord. Spilleren som har tur, trekker et kort, ser p\u00e5 baksiden av neste kort for \u00e5 f\u00e5 forklaringsmetoden, og velger en oppgave ut fra fire alternativer. Den f\u00f8rste som gjetter riktig, vinner et kort, og f\u00f8rste spiller med fem kort vinner<\/p>\n","protected":false},"featured_media":0,"template":"","meta":{"content-type":"","_monsterinsights_skip_tracking":false,"_monsterinsights_sitenote_active":false,"_monsterinsights_sitenote_note":"","_monsterinsights_sitenote_category":0},"product_brand":[],"product_cat":[1661],"product_tag":[1274,1267,969],"brand":[],"target-group":[],"discontinued":[],"class_list":{"0":"post-203274","1":"product","2":"type-product","3":"status-publish","5":"product_cat-selskapsspill-voksenspill","6":"product_tag-kunnskap","7":"product_tag-sammen-no","8":"product_tag-tidsfordriv-2","10":"first","11":"instock","12":"taxable","13":"shipping-taxable","14":"product-type-simple"},"aioseo_notices":[],"_links":{"self":[{"href":"https:\/\/games.tactic.net\/no\/wp-json\/wp\/v2\/product\/203274","targetHints":{"allow":["GET"]}}],"collection":[{"href":"https:\/\/games.tactic.net\/no\/wp-json\/wp\/v2\/product"}],"about":[{"href":"https:\/\/games.tactic.net\/no\/wp-json\/wp\/v2\/types\/product"}],"wp:attachment":[{"href":"https:\/\/games.tactic.net\/no\/wp-json\/wp\/v2\/media?parent=203274"}],"wp:term":[{"taxonomy":"product_brand","embeddable":true,"href":"https:\/\/games.tactic.net\/no\/wp-json\/wp\/v2\/product_brand?post=203274"},{"taxonomy":"product_cat","embeddable":true,"href":"https:\/\/games.tactic.net\/no\/wp-json\/wp\/v2\/product_cat?post=203274"},{"taxonomy":"product_tag","embeddable":true,"href":"https:\/\/games.tactic.net\/no\/wp-json\/wp\/v2\/product_tag?post=203274"},{"taxonomy":"brand","embeddable":true,"href":"https:\/\/games.tactic.net\/no\/wp-json\/wp\/v2\/brand?post=203274"},{"taxonomy":"target-group","embeddable":true,"href":"https:\/\/games.tactic.net\/no\/wp-json\/wp\/v2\/target-group?post=203274"},{"taxonomy":"discontinued","embeddable":true,"href":"https:\/\/games.tactic.net\/no\/wp-json\/wp\/v2\/discontinued?post=203274"}],"curies":[{"name":"wp","href":"https:\/\/api.w.org\/{rel}","templated":true}]}}