{"id":203244,"date":"2021-10-05T10:06:53","date_gmt":"2021-10-05T07:06:53","guid":{"rendered":"http:\/\/dev.tactic.net\/tuote\/du-tror-du-kjenner-meg\/"},"modified":"2023-09-26T20:54:10","modified_gmt":"2023-09-26T17:54:10","slug":"du-tror-du-kjenner-meg","status":"publish","type":"product","link":"https:\/\/games.tactic.net\/no\/tuote\/du-tror-du-kjenner-meg\/","title":{"rendered":"Gavespill Du tror du kjenner meg?"},"content":{"rendered":"<p>Vet vennene dine vet hva dr\u00f8mmeferien din er, eller hvilken kjendis du helst ville spist middag med? Test dem ved \u00e5 gi dem et sp\u00f8rsm\u00e5l og noen alternativer, og la dem svare med svarkort. Alle spillerne i den st\u00f8rste gruppa vinner et kort, og f\u00f8rste spiller med fem kort vinner!<br \/>\nFlott og fargerik design.<br \/>\nSpillet er enkelt og fartsfylt.<\/p>\n","protected":false},"excerpt":{"rendered":"<p>Vet vennene dine vet hva dr\u00f8mmeferien din er, eller hvilken kjendis du helst ville spist middag med? Test dem ved \u00e5 gi dem et sp\u00f8rsm\u00e5l og noen alternativer, og la dem svare med svarkort. Alle spillerne i den st\u00f8rste gruppa vinner et kort, og f\u00f8rste spiller med fem kort vinner!<\/p>\n","protected":false},"featured_media":0,"template":"","meta":{"content-type":"","_monsterinsights_skip_tracking":false,"_monsterinsights_sitenote_active":false,"_monsterinsights_sitenote_note":"","_monsterinsights_sitenote_category":0},"product_brand":[],"product_cat":[1661],"product_tag":[1274,1267,969],"brand":[],"target-group":[],"discontinued":[],"class_list":{"0":"post-203244","1":"product","2":"type-product","3":"status-publish","5":"product_cat-selskapsspill-voksenspill","6":"product_tag-kunnskap","7":"product_tag-sammen-no","8":"product_tag-tidsfordriv-2","10":"first","11":"instock","12":"taxable","13":"shipping-taxable","14":"product-type-simple"},"aioseo_notices":[],"_links":{"self":[{"href":"https:\/\/games.tactic.net\/no\/wp-json\/wp\/v2\/product\/203244","targetHints":{"allow":["GET"]}}],"collection":[{"href":"https:\/\/games.tactic.net\/no\/wp-json\/wp\/v2\/product"}],"about":[{"href":"https:\/\/games.tactic.net\/no\/wp-json\/wp\/v2\/types\/product"}],"wp:attachment":[{"href":"https:\/\/games.tactic.net\/no\/wp-json\/wp\/v2\/media?parent=203244"}],"wp:term":[{"taxonomy":"product_brand","embeddable":true,"href":"https:\/\/games.tactic.net\/no\/wp-json\/wp\/v2\/product_brand?post=203244"},{"taxonomy":"product_cat","embeddable":true,"href":"https:\/\/games.tactic.net\/no\/wp-json\/wp\/v2\/product_cat?post=203244"},{"taxonomy":"product_tag","embeddable":true,"href":"https:\/\/games.tactic.net\/no\/wp-json\/wp\/v2\/product_tag?post=203244"},{"taxonomy":"brand","embeddable":true,"href":"https:\/\/games.tactic.net\/no\/wp-json\/wp\/v2\/brand?post=203244"},{"taxonomy":"target-group","embeddable":true,"href":"https:\/\/games.tactic.net\/no\/wp-json\/wp\/v2\/target-group?post=203244"},{"taxonomy":"discontinued","embeddable":true,"href":"https:\/\/games.tactic.net\/no\/wp-json\/wp\/v2\/discontinued?post=203244"}],"curies":[{"name":"wp","href":"https:\/\/api.w.org\/{rel}","templated":true}]}}