{"id":203229,"date":"2021-10-05T10:04:45","date_gmt":"2021-10-05T07:04:45","guid":{"rendered":"http:\/\/dev.tactic.net\/tuote\/hvem-har\/"},"modified":"2023-09-26T20:53:03","modified_gmt":"2023-09-26T17:53:03","slug":"hvem-har","status":"publish","type":"product","link":"https:\/\/games.tactic.net\/no\/tuote\/hvem-har\/","title":{"rendered":"Gavespill Hvem har?"},"content":{"rendered":"<p>Vanligvis sier man at det er uh\u00f8flig \u00e5 peke, men denne gangen er det obligatorisk! \u00c9n spiller leser sp\u00f8rsm\u00e5let h\u00f8yt, og s\u00e5 teller alle sammen p\u00e5 en gang 1\u20132\u20133 og peker p\u00e5 den personen de synes det passer best p\u00e5. Alle spillerne i den st\u00f8rste gruppa vinner et kort, og f\u00f8rste spiller med fem kort vinner spillet.<br \/>\nFlott og fargerik design.<br \/>\nSpillet er enkelt og fartsfylt.<\/p>\n","protected":false},"excerpt":{"rendered":"<p>Vanligvis sier man at det er uh\u00f8flig \u00e5 peke, men denne gangen er det obligatorisk! \u00c9n spiller leser sp\u00f8rsm\u00e5let h\u00f8yt, og s\u00e5 teller alle sammen p\u00e5 en gang 1\u20132\u20133 og peker p\u00e5 den personen de synes det passer best p\u00e5. Alle spillerne i den st\u00f8rste gruppa vinner et kort, og f\u00f8rste spiller med fem kort vinner spillet<\/p>\n","protected":false},"featured_media":0,"template":"","meta":{"content-type":"","_monsterinsights_skip_tracking":false,"_monsterinsights_sitenote_active":false,"_monsterinsights_sitenote_note":"","_monsterinsights_sitenote_category":0},"product_brand":[],"product_cat":[1661],"product_tag":[1274,1267,969],"brand":[],"target-group":[],"discontinued":[],"class_list":{"0":"post-203229","1":"product","2":"type-product","3":"status-publish","5":"product_cat-selskapsspill-voksenspill","6":"product_tag-kunnskap","7":"product_tag-sammen-no","8":"product_tag-tidsfordriv-2","10":"first","11":"instock","12":"taxable","13":"shipping-taxable","14":"product-type-simple"},"aioseo_notices":[],"_links":{"self":[{"href":"https:\/\/games.tactic.net\/no\/wp-json\/wp\/v2\/product\/203229","targetHints":{"allow":["GET"]}}],"collection":[{"href":"https:\/\/games.tactic.net\/no\/wp-json\/wp\/v2\/product"}],"about":[{"href":"https:\/\/games.tactic.net\/no\/wp-json\/wp\/v2\/types\/product"}],"wp:attachment":[{"href":"https:\/\/games.tactic.net\/no\/wp-json\/wp\/v2\/media?parent=203229"}],"wp:term":[{"taxonomy":"product_brand","embeddable":true,"href":"https:\/\/games.tactic.net\/no\/wp-json\/wp\/v2\/product_brand?post=203229"},{"taxonomy":"product_cat","embeddable":true,"href":"https:\/\/games.tactic.net\/no\/wp-json\/wp\/v2\/product_cat?post=203229"},{"taxonomy":"product_tag","embeddable":true,"href":"https:\/\/games.tactic.net\/no\/wp-json\/wp\/v2\/product_tag?post=203229"},{"taxonomy":"brand","embeddable":true,"href":"https:\/\/games.tactic.net\/no\/wp-json\/wp\/v2\/brand?post=203229"},{"taxonomy":"target-group","embeddable":true,"href":"https:\/\/games.tactic.net\/no\/wp-json\/wp\/v2\/target-group?post=203229"},{"taxonomy":"discontinued","embeddable":true,"href":"https:\/\/games.tactic.net\/no\/wp-json\/wp\/v2\/discontinued?post=203229"}],"curies":[{"name":"wp","href":"https:\/\/api.w.org\/{rel}","templated":true}]}}