{"id":203214,"date":"2021-10-05T10:03:33","date_gmt":"2021-10-05T07:03:33","guid":{"rendered":"http:\/\/dev.tactic.net\/tuote\/rett-er-galt\/"},"modified":"2023-09-26T20:53:20","modified_gmt":"2023-09-26T17:53:20","slug":"rett-er-galt","status":"publish","type":"product","link":"https:\/\/games.tactic.net\/no\/tuote\/rett-er-galt\/","title":{"rendered":"Gavespill RETT er GALT"},"content":{"rendered":"<p>I dette sp\u00f8rrespillet er alt opp ned, og det er meningen at du skal svare feil. Den f\u00f8rste til \u00e5 samle fem kort vinner spillet!<br \/>\nFlott og fargerik design.<br \/>\nSpillet er enkelt og fartsfylt.<\/p>\n","protected":false},"excerpt":{"rendered":"<p>I dette sp\u00f8rrespillet er alt opp ned, og det er meningen at du skal svare feil. Den f\u00f8rste til \u00e5 samle fem kort vinner spillet!<\/p>\n","protected":false},"featured_media":0,"template":"","meta":{"content-type":"","_monsterinsights_skip_tracking":false,"_monsterinsights_sitenote_active":false,"_monsterinsights_sitenote_note":"","_monsterinsights_sitenote_category":0},"product_brand":[],"product_cat":[1661],"product_tag":[1274,994,969],"brand":[],"target-group":[],"discontinued":[],"class_list":{"0":"post-203214","1":"product","2":"type-product","3":"status-publish","5":"product_cat-selskapsspill-voksenspill","6":"product_tag-kunnskap","7":"product_tag-sammen","8":"product_tag-tidsfordriv-2","10":"first","11":"instock","12":"taxable","13":"shipping-taxable","14":"product-type-simple"},"aioseo_notices":[],"_links":{"self":[{"href":"https:\/\/games.tactic.net\/no\/wp-json\/wp\/v2\/product\/203214","targetHints":{"allow":["GET"]}}],"collection":[{"href":"https:\/\/games.tactic.net\/no\/wp-json\/wp\/v2\/product"}],"about":[{"href":"https:\/\/games.tactic.net\/no\/wp-json\/wp\/v2\/types\/product"}],"wp:attachment":[{"href":"https:\/\/games.tactic.net\/no\/wp-json\/wp\/v2\/media?parent=203214"}],"wp:term":[{"taxonomy":"product_brand","embeddable":true,"href":"https:\/\/games.tactic.net\/no\/wp-json\/wp\/v2\/product_brand?post=203214"},{"taxonomy":"product_cat","embeddable":true,"href":"https:\/\/games.tactic.net\/no\/wp-json\/wp\/v2\/product_cat?post=203214"},{"taxonomy":"product_tag","embeddable":true,"href":"https:\/\/games.tactic.net\/no\/wp-json\/wp\/v2\/product_tag?post=203214"},{"taxonomy":"brand","embeddable":true,"href":"https:\/\/games.tactic.net\/no\/wp-json\/wp\/v2\/brand?post=203214"},{"taxonomy":"target-group","embeddable":true,"href":"https:\/\/games.tactic.net\/no\/wp-json\/wp\/v2\/target-group?post=203214"},{"taxonomy":"discontinued","embeddable":true,"href":"https:\/\/games.tactic.net\/no\/wp-json\/wp\/v2\/discontinued?post=203214"}],"curies":[{"name":"wp","href":"https:\/\/api.w.org\/{rel}","templated":true}]}}