{"id":203199,"date":"2021-10-05T10:02:13","date_gmt":"2021-10-05T07:02:13","guid":{"rendered":"http:\/\/dev.tactic.net\/tuote\/du-jeg-parspill\/"},"modified":"2023-10-25T16:33:55","modified_gmt":"2023-10-25T13:33:55","slug":"du-jeg-parspill","status":"publish","type":"product","link":"https:\/\/games.tactic.net\/no\/tuote\/du-jeg-parspill\/","title":{"rendered":"DU &#038; JEG Parspill"},"content":{"rendered":"<p>Har du gjemt dine laster godt eller vet partneren din alt om deg? Du og jeg tester hvert par med sp\u00f8rsm\u00e5l i en rekke kategorier og du f\u00e5r poeng for alle svar som er like. Paret som kjenner hverandre best, vinner.<\/p>\n","protected":false},"excerpt":{"rendered":"<p>Har du gjemt dine laster godt eller vet partneren din alt om deg? Du og jeg tester hvert par med sp\u00f8rsm\u00e5l i en rekke kategorier og du f\u00e5r poeng for alle svar som er like. Paret som kjenner hverandre best, vinner.<\/p>\n","protected":false},"featured_media":0,"template":"","meta":{"content-type":"","_monsterinsights_skip_tracking":false,"_monsterinsights_sitenote_active":false,"_monsterinsights_sitenote_note":"","_monsterinsights_sitenote_category":0},"product_brand":[],"product_cat":[1672],"product_tag":[1274,1267,969],"brand":[],"target-group":[],"discontinued":[],"class_list":{"0":"post-203199","1":"product","2":"type-product","3":"status-publish","5":"product_cat-18-voksenspill","6":"product_tag-kunnskap","7":"product_tag-sammen-no","8":"product_tag-tidsfordriv-2","10":"first","11":"instock","12":"taxable","13":"shipping-taxable","14":"product-type-simple"},"aioseo_notices":[],"_links":{"self":[{"href":"https:\/\/games.tactic.net\/no\/wp-json\/wp\/v2\/product\/203199","targetHints":{"allow":["GET"]}}],"collection":[{"href":"https:\/\/games.tactic.net\/no\/wp-json\/wp\/v2\/product"}],"about":[{"href":"https:\/\/games.tactic.net\/no\/wp-json\/wp\/v2\/types\/product"}],"wp:attachment":[{"href":"https:\/\/games.tactic.net\/no\/wp-json\/wp\/v2\/media?parent=203199"}],"wp:term":[{"taxonomy":"product_brand","embeddable":true,"href":"https:\/\/games.tactic.net\/no\/wp-json\/wp\/v2\/product_brand?post=203199"},{"taxonomy":"product_cat","embeddable":true,"href":"https:\/\/games.tactic.net\/no\/wp-json\/wp\/v2\/product_cat?post=203199"},{"taxonomy":"product_tag","embeddable":true,"href":"https:\/\/games.tactic.net\/no\/wp-json\/wp\/v2\/product_tag?post=203199"},{"taxonomy":"brand","embeddable":true,"href":"https:\/\/games.tactic.net\/no\/wp-json\/wp\/v2\/brand?post=203199"},{"taxonomy":"target-group","embeddable":true,"href":"https:\/\/games.tactic.net\/no\/wp-json\/wp\/v2\/target-group?post=203199"},{"taxonomy":"discontinued","embeddable":true,"href":"https:\/\/games.tactic.net\/no\/wp-json\/wp\/v2\/discontinued?post=203199"}],"curies":[{"name":"wp","href":"https:\/\/api.w.org\/{rel}","templated":true}]}}