{"id":203184,"date":"2021-10-05T09:58:44","date_gmt":"2021-10-05T06:58:44","guid":{"rendered":"http:\/\/dev.tactic.net\/tuote\/vil-du-vedde-utfordring\/"},"modified":"2023-09-20T17:03:15","modified_gmt":"2023-09-20T14:03:15","slug":"vil-du-vedde-utfordring","status":"publish","type":"product","link":"https:\/\/games.tactic.net\/no\/tuote\/vil-du-vedde-utfordring\/","title":{"rendered":"Vil du vedde utfordring"},"content":{"rendered":"<p>Det nyeste medlemmet av Vil du vedde-familien vil sparke i gang spillkvelden med et smell! Vil du vedde utfordring gir spillerne en utmerket mulighet til \u00e5 vise hva de kan gj\u00f8re ved at spillerne skulder ved skulder m\u00e5 gj\u00f8re en rekke supermorsomme utfordringer. De andre spillerne m\u00e5 gjette hvilken spiller som mestrer utfordringen best. Dette underholdende familiespillet inneholder en rekke utfordringer og oppgaver som holder deg i aktivitet.<\/p>\n<p><img decoding=\"async\" src=\"https:\\\\\\\\games.tactic.net\\\\pic\\\\logo\\\\FI_2021_Vuoden_Peli_Partypelit_finalisti.png\"><\/p>\n","protected":false},"excerpt":{"rendered":"<p>Det nyeste medlemmet av Vil du vedde-familien vil sparke i gang spillkvelden med et smell! Vil du vedde utfordring gir spillerne en utmerket mulighet til \u00e5 vise hva de kan gj\u00f8re ved at spillerne skulder ved skulder m\u00e5 gj\u00f8re en rekke supermorsomme utfordringer. De andre spillerne m\u00e5 gjette hvilken spiller som mestrer utfordringen best. Dette [&hellip;]<\/p>\n","protected":false},"featured_media":0,"template":"","meta":{"content-type":"","_monsterinsights_skip_tracking":false,"_monsterinsights_sitenote_active":false,"_monsterinsights_sitenote_note":"","_monsterinsights_sitenote_category":0},"product_brand":[],"product_cat":[1661],"product_tag":[1251,1221,1267],"brand":[],"target-group":[],"discontinued":[],"class_list":{"0":"post-203184","1":"product","2":"type-product","3":"status-publish","5":"product_cat-selskapsspill-voksenspill","6":"product_tag-ferdighet-no","7":"product_tag-funksjon-no","8":"product_tag-sammen-no","10":"first","11":"instock","12":"taxable","13":"shipping-taxable","14":"product-type-simple"},"aioseo_notices":[],"_links":{"self":[{"href":"https:\/\/games.tactic.net\/no\/wp-json\/wp\/v2\/product\/203184","targetHints":{"allow":["GET"]}}],"collection":[{"href":"https:\/\/games.tactic.net\/no\/wp-json\/wp\/v2\/product"}],"about":[{"href":"https:\/\/games.tactic.net\/no\/wp-json\/wp\/v2\/types\/product"}],"wp:attachment":[{"href":"https:\/\/games.tactic.net\/no\/wp-json\/wp\/v2\/media?parent=203184"}],"wp:term":[{"taxonomy":"product_brand","embeddable":true,"href":"https:\/\/games.tactic.net\/no\/wp-json\/wp\/v2\/product_brand?post=203184"},{"taxonomy":"product_cat","embeddable":true,"href":"https:\/\/games.tactic.net\/no\/wp-json\/wp\/v2\/product_cat?post=203184"},{"taxonomy":"product_tag","embeddable":true,"href":"https:\/\/games.tactic.net\/no\/wp-json\/wp\/v2\/product_tag?post=203184"},{"taxonomy":"brand","embeddable":true,"href":"https:\/\/games.tactic.net\/no\/wp-json\/wp\/v2\/brand?post=203184"},{"taxonomy":"target-group","embeddable":true,"href":"https:\/\/games.tactic.net\/no\/wp-json\/wp\/v2\/target-group?post=203184"},{"taxonomy":"discontinued","embeddable":true,"href":"https:\/\/games.tactic.net\/no\/wp-json\/wp\/v2\/discontinued?post=203184"}],"curies":[{"name":"wp","href":"https:\/\/api.w.org\/{rel}","templated":true}]}}