{"id":203169,"date":"2021-10-05T09:55:51","date_gmt":"2021-10-05T06:55:51","guid":{"rendered":"http:\/\/dev.tactic.net\/tuote\/hvermannsen\/"},"modified":"2023-10-25T16:34:13","modified_gmt":"2023-10-25T13:34:13","slug":"hvermannsen","status":"publish","type":"product","link":"https:\/\/games.tactic.net\/no\/tuote\/hvermannsen\/","title":{"rendered":"Midt p\u00e5 treet"},"content":{"rendered":"<p>Hvem sier at det \u00e5 v\u00e6re som alle andre er kjedelig? For \u00e5 vinne dette spillet m\u00e5 du holde deg n\u00e6r midten av veien. I Hvermannsen skal spillerne konkurrere om hvilket svar som er mest likt snittet. Spillet har spilldeler som kan t\u00f8rkes av og 200 oppgaver som tilbyr mer enn gjennomsnittlig underholdning!<\/p>\n","protected":false},"excerpt":{"rendered":"<p>Hvem sier at det \u00e5 v\u00e6re som alle andre er kjedelig? For \u00e5 vinne dette spillet m\u00e5 du holde deg n\u00e6r midten av veien. I Hvermannsen skal spillerne konkurrere om hvilket svar som er mest likt snittet. Spillet har spilldeler som kan t\u00f8rkes av og 200 oppgaver som tilbyr mer enn gjennomsnittlig underholdning!<\/p>\n","protected":false},"featured_media":0,"template":"","meta":{"content-type":"","_monsterinsights_skip_tracking":false,"_monsterinsights_sitenote_active":false,"_monsterinsights_sitenote_note":"","_monsterinsights_sitenote_category":0},"product_brand":[],"product_cat":[1619,1661],"product_tag":[1003,1274,388,969],"brand":[],"target-group":[],"discontinued":[],"class_list":{"0":"post-203169","1":"product","2":"type-product","3":"status-publish","5":"product_cat-brettspill","6":"product_cat-selskapsspill-voksenspill","7":"product_tag-hell","8":"product_tag-kunnskap","9":"product_tag-pedagogisk","10":"product_tag-tidsfordriv-2","12":"first","13":"instock","14":"taxable","15":"shipping-taxable","16":"product-type-simple"},"aioseo_notices":[],"_links":{"self":[{"href":"https:\/\/games.tactic.net\/no\/wp-json\/wp\/v2\/product\/203169","targetHints":{"allow":["GET"]}}],"collection":[{"href":"https:\/\/games.tactic.net\/no\/wp-json\/wp\/v2\/product"}],"about":[{"href":"https:\/\/games.tactic.net\/no\/wp-json\/wp\/v2\/types\/product"}],"wp:attachment":[{"href":"https:\/\/games.tactic.net\/no\/wp-json\/wp\/v2\/media?parent=203169"}],"wp:term":[{"taxonomy":"product_brand","embeddable":true,"href":"https:\/\/games.tactic.net\/no\/wp-json\/wp\/v2\/product_brand?post=203169"},{"taxonomy":"product_cat","embeddable":true,"href":"https:\/\/games.tactic.net\/no\/wp-json\/wp\/v2\/product_cat?post=203169"},{"taxonomy":"product_tag","embeddable":true,"href":"https:\/\/games.tactic.net\/no\/wp-json\/wp\/v2\/product_tag?post=203169"},{"taxonomy":"brand","embeddable":true,"href":"https:\/\/games.tactic.net\/no\/wp-json\/wp\/v2\/brand?post=203169"},{"taxonomy":"target-group","embeddable":true,"href":"https:\/\/games.tactic.net\/no\/wp-json\/wp\/v2\/target-group?post=203169"},{"taxonomy":"discontinued","embeddable":true,"href":"https:\/\/games.tactic.net\/no\/wp-json\/wp\/v2\/discontinued?post=203169"}],"curies":[{"name":"wp","href":"https:\/\/api.w.org\/{rel}","templated":true}]}}