{"id":203154,"date":"2021-10-05T09:53:31","date_gmt":"2021-10-05T06:53:31","guid":{"rendered":"http:\/\/dev.tactic.net\/tuote\/norge-quiz-junior\/"},"modified":"2023-10-17T16:32:01","modified_gmt":"2023-10-17T13:32:01","slug":"norge-quiz-junior","status":"publish","type":"product","link":"https:\/\/games.tactic.net\/no\/tuote\/norge-quiz-junior\/","title":{"rendered":"Norge Quiz junior"},"content":{"rendered":"<p>I dette flotte sp\u00f8rrespillet om Norge kan spillerne l\u00e6re masse om sitt eget land. Foruten sp\u00f8rrekort, s\u00e5 inneholder spillet bildekort.<br \/>\nN\u00e5 mer underholdene enn noen gang.<br \/>\nBarna l\u00e6rer om Norge p\u00e5 en morsom og underholdene m\u00e5te.<br \/>\nInneholder 600 oppgaver fordelt p\u00e5 seks forskjellige kategorier.<\/p>\n","protected":false},"excerpt":{"rendered":"<p>I dette flotte sp\u00f8rrespillet om Norge kan spillerne l\u00e6re masse om sitt eget land.<\/p>\n","protected":false},"featured_media":0,"template":"","meta":{"content-type":"","_monsterinsights_skip_tracking":false,"_monsterinsights_sitenote_active":false,"_monsterinsights_sitenote_note":"","_monsterinsights_sitenote_category":0},"product_brand":[],"product_cat":[1663,1664],"product_tag":[1274,1255],"brand":[],"target-group":[],"discontinued":[],"class_list":{"0":"post-203154","1":"product","2":"type-product","3":"status-publish","5":"product_cat-laerespill","6":"product_cat-sporrespill","7":"product_tag-kunnskap","8":"product_tag-pedagogisk-no","10":"first","11":"instock","12":"taxable","13":"shipping-taxable","14":"product-type-simple"},"aioseo_notices":[],"_links":{"self":[{"href":"https:\/\/games.tactic.net\/no\/wp-json\/wp\/v2\/product\/203154","targetHints":{"allow":["GET"]}}],"collection":[{"href":"https:\/\/games.tactic.net\/no\/wp-json\/wp\/v2\/product"}],"about":[{"href":"https:\/\/games.tactic.net\/no\/wp-json\/wp\/v2\/types\/product"}],"wp:attachment":[{"href":"https:\/\/games.tactic.net\/no\/wp-json\/wp\/v2\/media?parent=203154"}],"wp:term":[{"taxonomy":"product_brand","embeddable":true,"href":"https:\/\/games.tactic.net\/no\/wp-json\/wp\/v2\/product_brand?post=203154"},{"taxonomy":"product_cat","embeddable":true,"href":"https:\/\/games.tactic.net\/no\/wp-json\/wp\/v2\/product_cat?post=203154"},{"taxonomy":"product_tag","embeddable":true,"href":"https:\/\/games.tactic.net\/no\/wp-json\/wp\/v2\/product_tag?post=203154"},{"taxonomy":"brand","embeddable":true,"href":"https:\/\/games.tactic.net\/no\/wp-json\/wp\/v2\/brand?post=203154"},{"taxonomy":"target-group","embeddable":true,"href":"https:\/\/games.tactic.net\/no\/wp-json\/wp\/v2\/target-group?post=203154"},{"taxonomy":"discontinued","embeddable":true,"href":"https:\/\/games.tactic.net\/no\/wp-json\/wp\/v2\/discontinued?post=203154"}],"curies":[{"name":"wp","href":"https:\/\/api.w.org\/{rel}","templated":true}]}}