{"id":203139,"date":"2021-10-05T09:51:42","date_gmt":"2021-10-05T06:51:42","guid":{"rendered":"http:\/\/dev.tactic.net\/tuote\/norge-quiz\/"},"modified":"2022-10-10T09:35:41","modified_gmt":"2022-10-10T06:35:41","slug":"norge-quiz","status":"publish","type":"product","link":"https:\/\/games.tactic.net\/no\/tuote\/norge-quiz\/","title":{"rendered":"Norge Quiz"},"content":{"rendered":"<p>Denne versjonen kommer med spennende spilldynamikk, underholdende sp\u00f8rsm\u00e5l og mye moro. Alle spillerne spiller samtidig og sp\u00f8rsm\u00e5lene har flervalgssvar. Ingen venting p\u00e5 tur. Flervalgssvar gir garantert moro for alle ferdighetsniv\u00e5er. Sp\u00f8rsm\u00e5l i seks kategorier.<\/p>\n","protected":false},"excerpt":{"rendered":"<p>Denne versjonen kommer med spennende spilldynamikk, underholdende sp\u00f8rsm\u00e5l og mye moro. Alle spillerne spiller samtidig og sp\u00f8rsm\u00e5lene har flervalgssvar. Ingen venting p\u00e5 tur. Flervalgssvar gir garantert moro for alle ferdighetsniv\u00e5er. Sp\u00f8rsm\u00e5l i seks kategorier.<\/p>\n","protected":false},"featured_media":0,"template":"","meta":{"content-type":"","_monsterinsights_skip_tracking":false,"_monsterinsights_sitenote_active":false,"_monsterinsights_sitenote_note":"","_monsterinsights_sitenote_category":0},"product_brand":[],"product_cat":[1664,1665],"product_tag":[1274,1255,1267],"brand":[],"target-group":[],"discontinued":[],"class_list":{"0":"post-203139","1":"product","2":"type-product","3":"status-publish","5":"product_cat-sporrespill","6":"product_cat-sporrespill-voksenspill","7":"product_tag-kunnskap","8":"product_tag-pedagogisk-no","9":"product_tag-sammen-no","11":"first","12":"instock","13":"taxable","14":"shipping-taxable","15":"product-type-simple"},"aioseo_notices":[],"_links":{"self":[{"href":"https:\/\/games.tactic.net\/no\/wp-json\/wp\/v2\/product\/203139","targetHints":{"allow":["GET"]}}],"collection":[{"href":"https:\/\/games.tactic.net\/no\/wp-json\/wp\/v2\/product"}],"about":[{"href":"https:\/\/games.tactic.net\/no\/wp-json\/wp\/v2\/types\/product"}],"wp:attachment":[{"href":"https:\/\/games.tactic.net\/no\/wp-json\/wp\/v2\/media?parent=203139"}],"wp:term":[{"taxonomy":"product_brand","embeddable":true,"href":"https:\/\/games.tactic.net\/no\/wp-json\/wp\/v2\/product_brand?post=203139"},{"taxonomy":"product_cat","embeddable":true,"href":"https:\/\/games.tactic.net\/no\/wp-json\/wp\/v2\/product_cat?post=203139"},{"taxonomy":"product_tag","embeddable":true,"href":"https:\/\/games.tactic.net\/no\/wp-json\/wp\/v2\/product_tag?post=203139"},{"taxonomy":"brand","embeddable":true,"href":"https:\/\/games.tactic.net\/no\/wp-json\/wp\/v2\/brand?post=203139"},{"taxonomy":"target-group","embeddable":true,"href":"https:\/\/games.tactic.net\/no\/wp-json\/wp\/v2\/target-group?post=203139"},{"taxonomy":"discontinued","embeddable":true,"href":"https:\/\/games.tactic.net\/no\/wp-json\/wp\/v2\/discontinued?post=203139"}],"curies":[{"name":"wp","href":"https:\/\/api.w.org\/{rel}","templated":true}]}}