{"id":203124,"date":"2021-10-05T09:50:41","date_gmt":"2021-10-05T06:50:41","guid":{"rendered":"http:\/\/dev.tactic.net\/tuote\/jeg-elsker-norge\/"},"modified":"2023-10-25T16:23:53","modified_gmt":"2023-10-25T13:23:53","slug":"jeg-elsker-norge","status":"publish","type":"product","link":"https:\/\/games.tactic.net\/no\/tuote\/jeg-elsker-norge\/","title":{"rendered":"Jeg elsker Norge"},"content":{"rendered":"<p>Reis rundt i Norge, bes\u00f8k ulike regioner, og svar p\u00e5 sp\u00f8rsm\u00e5l om norsk kultur, tradisjoner, natur og mye mer! Rull terningen for \u00e5 se om du skal sykle, kj\u00f8re bil eller suse gjennom lufta i et fly. For hvert riktige svar f\u00e5r du et kort, og vinneren er den som f\u00f8rst har et symbol fra fem forskjellige kategorier!<br \/>\nSpillebrettet er et fargerikt kart.<br \/>\nL\u00e6rerikt og morsomt spill for alle aldre.<\/p>\n","protected":false},"excerpt":{"rendered":"<p>Reis rundt i Norge, bes\u00f8k ulike regioner, og svar p\u00e5 sp\u00f8rsm\u00e5l om norsk kultur, tradisjoner, natur og mye mer! Rull terningen for \u00e5 se om du skal sykle, kj\u00f8re bil eller suse gjennom lufta i et fly. For hvert riktige svar f\u00e5r du et kort, og vinneren er den som f\u00f8rst har et symbol fra fem forskjellige kategorier!<\/p>\n","protected":false},"featured_media":0,"template":"","meta":{"content-type":"","_monsterinsights_skip_tracking":false,"_monsterinsights_sitenote_active":false,"_monsterinsights_sitenote_note":"","_monsterinsights_sitenote_category":0},"product_brand":[],"product_cat":[1619],"product_tag":[1274,1255],"brand":[],"target-group":[],"discontinued":[],"class_list":{"0":"post-203124","1":"product","2":"type-product","3":"status-publish","5":"product_cat-brettspill","6":"product_tag-kunnskap","7":"product_tag-pedagogisk-no","9":"first","10":"instock","11":"taxable","12":"shipping-taxable","13":"product-type-simple"},"aioseo_notices":[],"_links":{"self":[{"href":"https:\/\/games.tactic.net\/no\/wp-json\/wp\/v2\/product\/203124","targetHints":{"allow":["GET"]}}],"collection":[{"href":"https:\/\/games.tactic.net\/no\/wp-json\/wp\/v2\/product"}],"about":[{"href":"https:\/\/games.tactic.net\/no\/wp-json\/wp\/v2\/types\/product"}],"wp:attachment":[{"href":"https:\/\/games.tactic.net\/no\/wp-json\/wp\/v2\/media?parent=203124"}],"wp:term":[{"taxonomy":"product_brand","embeddable":true,"href":"https:\/\/games.tactic.net\/no\/wp-json\/wp\/v2\/product_brand?post=203124"},{"taxonomy":"product_cat","embeddable":true,"href":"https:\/\/games.tactic.net\/no\/wp-json\/wp\/v2\/product_cat?post=203124"},{"taxonomy":"product_tag","embeddable":true,"href":"https:\/\/games.tactic.net\/no\/wp-json\/wp\/v2\/product_tag?post=203124"},{"taxonomy":"brand","embeddable":true,"href":"https:\/\/games.tactic.net\/no\/wp-json\/wp\/v2\/brand?post=203124"},{"taxonomy":"target-group","embeddable":true,"href":"https:\/\/games.tactic.net\/no\/wp-json\/wp\/v2\/target-group?post=203124"},{"taxonomy":"discontinued","embeddable":true,"href":"https:\/\/games.tactic.net\/no\/wp-json\/wp\/v2\/discontinued?post=203124"}],"curies":[{"name":"wp","href":"https:\/\/api.w.org\/{rel}","templated":true}]}}