{"id":203109,"date":"2021-10-05T09:48:39","date_gmt":"2021-10-05T06:48:39","guid":{"rendered":"http:\/\/dev.tactic.net\/tuote\/verdens-merkenavn\/"},"modified":"2023-10-23T10:20:54","modified_gmt":"2023-10-23T07:20:54","slug":"verdens-merkenavn","status":"publish","type":"product","link":"https:\/\/games.tactic.net\/no\/tuote\/verdens-merkenavn\/","title":{"rendered":"Verdens merkenavn"},"content":{"rendered":"<p>Kjenner du til noen av de viktigste merkenavnene i verden? Dette kompakte spillet handler om kjente merker som har formet livet til oss alle. Hvert kort har et bilde av et velkjent merkenavn, et sp\u00f8rsm\u00e5l om det, og litt om dets fascinerende historie. Ingen blir sittende og vente p\u00e5 sin tur, siden alle spillerne svarer p\u00e5 sp\u00f8rsm\u00e5lene samtidig. La oss se hvor mye du kan om verdens merkenavn!<\/p>\n","protected":false},"excerpt":{"rendered":"<p>Kjenner du til noen av de viktigste merkenavnene i verden? Dette kompakte spillet handler om kjente merker som har formet livet til oss alle. Hvert kort har et bilde av et velkjent merkenavn, et sp\u00f8rsm\u00e5l om det, og litt om dets fascinerende historie. Ingen blir sittende og vente p\u00e5 sin tur, siden alle spillerne svarer [&hellip;]<\/p>\n","protected":false},"featured_media":0,"template":"","meta":{"content-type":"","_monsterinsights_skip_tracking":false,"_monsterinsights_sitenote_active":false,"_monsterinsights_sitenote_note":"","_monsterinsights_sitenote_category":0},"product_brand":[],"product_cat":[1664,1665],"product_tag":[1274,1255],"brand":[],"target-group":[],"discontinued":[],"class_list":{"0":"post-203109","1":"product","2":"type-product","3":"status-publish","5":"product_cat-sporrespill","6":"product_cat-sporrespill-voksenspill","7":"product_tag-kunnskap","8":"product_tag-pedagogisk-no","10":"first","11":"instock","12":"taxable","13":"shipping-taxable","14":"product-type-simple"},"aioseo_notices":[],"_links":{"self":[{"href":"https:\/\/games.tactic.net\/no\/wp-json\/wp\/v2\/product\/203109","targetHints":{"allow":["GET"]}}],"collection":[{"href":"https:\/\/games.tactic.net\/no\/wp-json\/wp\/v2\/product"}],"about":[{"href":"https:\/\/games.tactic.net\/no\/wp-json\/wp\/v2\/types\/product"}],"wp:attachment":[{"href":"https:\/\/games.tactic.net\/no\/wp-json\/wp\/v2\/media?parent=203109"}],"wp:term":[{"taxonomy":"product_brand","embeddable":true,"href":"https:\/\/games.tactic.net\/no\/wp-json\/wp\/v2\/product_brand?post=203109"},{"taxonomy":"product_cat","embeddable":true,"href":"https:\/\/games.tactic.net\/no\/wp-json\/wp\/v2\/product_cat?post=203109"},{"taxonomy":"product_tag","embeddable":true,"href":"https:\/\/games.tactic.net\/no\/wp-json\/wp\/v2\/product_tag?post=203109"},{"taxonomy":"brand","embeddable":true,"href":"https:\/\/games.tactic.net\/no\/wp-json\/wp\/v2\/brand?post=203109"},{"taxonomy":"target-group","embeddable":true,"href":"https:\/\/games.tactic.net\/no\/wp-json\/wp\/v2\/target-group?post=203109"},{"taxonomy":"discontinued","embeddable":true,"href":"https:\/\/games.tactic.net\/no\/wp-json\/wp\/v2\/discontinued?post=203109"}],"curies":[{"name":"wp","href":"https:\/\/api.w.org\/{rel}","templated":true}]}}