{"id":203066,"date":"2021-10-05T09:47:25","date_gmt":"2021-10-05T06:47:25","guid":{"rendered":"http:\/\/dev.tactic.net\/tuote\/verdens-wow\/"},"modified":"2023-10-23T10:23:10","modified_gmt":"2023-10-23T07:23:10","slug":"verdens-wow","status":"publish","type":"product","link":"https:\/\/games.tactic.net\/no\/tuote\/verdens-wow\/","title":{"rendered":"Verdens WOW"},"content":{"rendered":"<p>Er du klar til \u00e5 bli forbl\u00f8ffet? Dette kompakte spillet inneholder et menasjeri av merkelige og uvanlige ting fra alle deler av kloden. Hvert kort har et bilde av et overraskende fenomen eller emne, et sp\u00f8rsm\u00e5l om det, og litt om dets fascinerende historie. Ingen blir sittende og vente p\u00e5 sin tur, siden alle spillerne svarer p\u00e5 sp\u00f8rsm\u00e5lene samtidig. La oss se hvor mye du kan om det merkverdige!<\/p>\n","protected":false},"excerpt":{"rendered":"<p>Er du klar til \u00e5 bli forbl\u00f8ffet? Dette kompakte spillet inneholder et menasjeri av merkelige og uvanlige ting fra alle deler av kloden. Hvert kort har et bilde av et overraskende fenomen eller emne, et sp\u00f8rsm\u00e5l om det, og litt om dets fascinerende historie. Ingen blir sittende og vente p\u00e5 sin tur, siden alle spillerne [&hellip;]<\/p>\n","protected":false},"featured_media":0,"template":"","meta":{"content-type":"","_monsterinsights_skip_tracking":false,"_monsterinsights_sitenote_active":false,"_monsterinsights_sitenote_note":"","_monsterinsights_sitenote_category":0},"product_brand":[],"product_cat":[1665,1664],"product_tag":[1274,1255],"brand":[],"target-group":[],"discontinued":[],"class_list":{"0":"post-203066","1":"product","2":"type-product","3":"status-publish","5":"product_cat-sporrespill-voksenspill","6":"product_cat-sporrespill","7":"product_tag-kunnskap","8":"product_tag-pedagogisk-no","10":"first","11":"instock","12":"taxable","13":"shipping-taxable","14":"product-type-simple"},"aioseo_notices":[],"_links":{"self":[{"href":"https:\/\/games.tactic.net\/no\/wp-json\/wp\/v2\/product\/203066","targetHints":{"allow":["GET"]}}],"collection":[{"href":"https:\/\/games.tactic.net\/no\/wp-json\/wp\/v2\/product"}],"about":[{"href":"https:\/\/games.tactic.net\/no\/wp-json\/wp\/v2\/types\/product"}],"wp:attachment":[{"href":"https:\/\/games.tactic.net\/no\/wp-json\/wp\/v2\/media?parent=203066"}],"wp:term":[{"taxonomy":"product_brand","embeddable":true,"href":"https:\/\/games.tactic.net\/no\/wp-json\/wp\/v2\/product_brand?post=203066"},{"taxonomy":"product_cat","embeddable":true,"href":"https:\/\/games.tactic.net\/no\/wp-json\/wp\/v2\/product_cat?post=203066"},{"taxonomy":"product_tag","embeddable":true,"href":"https:\/\/games.tactic.net\/no\/wp-json\/wp\/v2\/product_tag?post=203066"},{"taxonomy":"brand","embeddable":true,"href":"https:\/\/games.tactic.net\/no\/wp-json\/wp\/v2\/brand?post=203066"},{"taxonomy":"target-group","embeddable":true,"href":"https:\/\/games.tactic.net\/no\/wp-json\/wp\/v2\/target-group?post=203066"},{"taxonomy":"discontinued","embeddable":true,"href":"https:\/\/games.tactic.net\/no\/wp-json\/wp\/v2\/discontinued?post=203066"}],"curies":[{"name":"wp","href":"https:\/\/api.w.org\/{rel}","templated":true}]}}