{"id":202881,"date":"2021-10-05T08:52:10","date_gmt":"2021-10-05T05:52:10","guid":{"rendered":"http:\/\/dev.tactic.net\/tuote\/verdens-dyr\/"},"modified":"2023-09-26T20:42:51","modified_gmt":"2023-09-26T17:42:51","slug":"verdens-dyr","status":"publish","type":"product","link":"https:\/\/games.tactic.net\/no\/tuote\/verdens-dyr\/","title":{"rendered":"Verdens dyr"},"content":{"rendered":"<p>I dette morsomme sp\u00f8rrespillet g\u00e5r det helt vilt for seg! Du reiser jorda rundt, m\u00f8ter og kjenner igjen fantastiske ville dyr, og svarer p\u00e5 sp\u00f8rsm\u00e5l om dem. Vinneren er den som plasserer flest dyr i riktig verdensdel!<br \/>\nL\u00e6rerikt og morsomt spill for alle aldre.<br \/>\nSpill en enklere variant \u2013 eller pr\u00f8v en mer utfordrende variant og se hvem som kan dyrets vitenskapelige navn!<\/p>\n","protected":false},"excerpt":{"rendered":"<p>I dette morsomme sp\u00f8rrespillet g\u00e5r det helt vilt for seg! Du reiser jorda rundt, m\u00f8ter og kjenner igjen fantastiske ville dyr, og svarer p\u00e5 sp\u00f8rsm\u00e5l om dem. Vinneren er den som plasserer flest dyr i riktig verdensdel!<\/p>\n","protected":false},"featured_media":0,"template":"","meta":{"content-type":"","_monsterinsights_skip_tracking":false,"_monsterinsights_sitenote_active":false,"_monsterinsights_sitenote_note":"","_monsterinsights_sitenote_category":0},"product_brand":[],"product_cat":[1665,1664],"product_tag":[1274,388],"brand":[],"target-group":[],"discontinued":[],"class_list":{"0":"post-202881","1":"product","2":"type-product","3":"status-publish","5":"product_cat-sporrespill-voksenspill","6":"product_cat-sporrespill","7":"product_tag-kunnskap","8":"product_tag-pedagogisk","10":"first","11":"instock","12":"taxable","13":"shipping-taxable","14":"product-type-simple"},"aioseo_notices":[],"_links":{"self":[{"href":"https:\/\/games.tactic.net\/no\/wp-json\/wp\/v2\/product\/202881","targetHints":{"allow":["GET"]}}],"collection":[{"href":"https:\/\/games.tactic.net\/no\/wp-json\/wp\/v2\/product"}],"about":[{"href":"https:\/\/games.tactic.net\/no\/wp-json\/wp\/v2\/types\/product"}],"wp:attachment":[{"href":"https:\/\/games.tactic.net\/no\/wp-json\/wp\/v2\/media?parent=202881"}],"wp:term":[{"taxonomy":"product_brand","embeddable":true,"href":"https:\/\/games.tactic.net\/no\/wp-json\/wp\/v2\/product_brand?post=202881"},{"taxonomy":"product_cat","embeddable":true,"href":"https:\/\/games.tactic.net\/no\/wp-json\/wp\/v2\/product_cat?post=202881"},{"taxonomy":"product_tag","embeddable":true,"href":"https:\/\/games.tactic.net\/no\/wp-json\/wp\/v2\/product_tag?post=202881"},{"taxonomy":"brand","embeddable":true,"href":"https:\/\/games.tactic.net\/no\/wp-json\/wp\/v2\/brand?post=202881"},{"taxonomy":"target-group","embeddable":true,"href":"https:\/\/games.tactic.net\/no\/wp-json\/wp\/v2\/target-group?post=202881"},{"taxonomy":"discontinued","embeddable":true,"href":"https:\/\/games.tactic.net\/no\/wp-json\/wp\/v2\/discontinued?post=202881"}],"curies":[{"name":"wp","href":"https:\/\/api.w.org\/{rel}","templated":true}]}}