{"id":202852,"date":"2021-10-05T08:51:15","date_gmt":"2021-10-05T05:51:15","guid":{"rendered":"http:\/\/dev.tactic.net\/tuote\/verdens-helter\/"},"modified":"2022-03-18T08:20:34","modified_gmt":"2022-03-18T06:20:34","slug":"verdens-helter","status":"publish","type":"product","link":"https:\/\/games.tactic.net\/no\/tuote\/verdens-helter\/","title":{"rendered":"Verdens helter"},"content":{"rendered":"<p>Historieb\u00f8kene er fulle av store kvinner og menn som har satt sitt preg p\u00e5 menneskeheten \u2013 fra biler til antibiotika. Brettspillet Verdens helter presenterer viktige personer og arbeidet deres, og spillerne samler poeng ved \u00e5 gjenkjenne dem og svare p\u00e5 fascinerende sp\u00f8rsm\u00e5l.<\/p>\n","protected":false},"excerpt":{"rendered":"<p>Historieb\u00f8kene er fulle av store kvinner og menn som har satt sitt preg p\u00e5 menneskeheten \u2013 fra biler til antibiotika. Brettspillet Verdens helter presenterer viktige personer og arbeidet deres, og spillerne samler poeng ved \u00e5 gjenkjenne dem og svare p\u00e5 fascinerende sp\u00f8rsm\u00e5l.<\/p>\n","protected":false},"featured_media":0,"template":"","meta":{"content-type":"","_monsterinsights_skip_tracking":false,"_monsterinsights_sitenote_active":false,"_monsterinsights_sitenote_note":"","_monsterinsights_sitenote_category":0},"product_brand":[],"product_cat":[1665,1664],"product_tag":[1274,1255],"brand":[],"target-group":[],"discontinued":[],"class_list":{"0":"post-202852","1":"product","2":"type-product","3":"status-publish","5":"product_cat-sporrespill-voksenspill","6":"product_cat-sporrespill","7":"product_tag-kunnskap","8":"product_tag-pedagogisk-no","10":"first","11":"instock","12":"taxable","13":"shipping-taxable","14":"product-type-simple"},"aioseo_notices":[],"_links":{"self":[{"href":"https:\/\/games.tactic.net\/no\/wp-json\/wp\/v2\/product\/202852","targetHints":{"allow":["GET"]}}],"collection":[{"href":"https:\/\/games.tactic.net\/no\/wp-json\/wp\/v2\/product"}],"about":[{"href":"https:\/\/games.tactic.net\/no\/wp-json\/wp\/v2\/types\/product"}],"wp:attachment":[{"href":"https:\/\/games.tactic.net\/no\/wp-json\/wp\/v2\/media?parent=202852"}],"wp:term":[{"taxonomy":"product_brand","embeddable":true,"href":"https:\/\/games.tactic.net\/no\/wp-json\/wp\/v2\/product_brand?post=202852"},{"taxonomy":"product_cat","embeddable":true,"href":"https:\/\/games.tactic.net\/no\/wp-json\/wp\/v2\/product_cat?post=202852"},{"taxonomy":"product_tag","embeddable":true,"href":"https:\/\/games.tactic.net\/no\/wp-json\/wp\/v2\/product_tag?post=202852"},{"taxonomy":"brand","embeddable":true,"href":"https:\/\/games.tactic.net\/no\/wp-json\/wp\/v2\/brand?post=202852"},{"taxonomy":"target-group","embeddable":true,"href":"https:\/\/games.tactic.net\/no\/wp-json\/wp\/v2\/target-group?post=202852"},{"taxonomy":"discontinued","embeddable":true,"href":"https:\/\/games.tactic.net\/no\/wp-json\/wp\/v2\/discontinued?post=202852"}],"curies":[{"name":"wp","href":"https:\/\/api.w.org\/{rel}","templated":true}]}}