{"id":202822,"date":"2021-10-05T08:46:35","date_gmt":"2021-10-05T05:46:35","guid":{"rendered":"http:\/\/dev.tactic.net\/tuote\/alias-reisespill\/"},"modified":"2023-09-27T12:20:10","modified_gmt":"2023-09-27T09:20:10","slug":"alias-reisespill","status":"publish","type":"product","link":"https:\/\/games.tactic.net\/no\/tuote\/alias-reisespill\/","title":{"rendered":"Alias Original reisespill"},"content":{"rendered":"<p>Forklar ordene for dine lagkamerater og bli det f\u00f8rste laget til \u00e5 n\u00e5 m\u00e5l.<br \/>\nSpillet er genialt enkelt og feiler aldri med \u00e5 underholde.<br \/>\nDu kan alltid forbedre og utvide ordforr\u00e5det ditt.<br \/>\nKommer med 50 kort med 800 ord \u00e5 forklare fra!      Alias.eu<\/p>\n","protected":false},"excerpt":{"rendered":"<p>Forklar ordene for dine lagkamerater og bli det f\u00f8rste laget til \u00e5 n\u00e5 m\u00e5l.<\/p>\n","protected":false},"featured_media":0,"template":"","meta":{"content-type":"","_monsterinsights_skip_tracking":false,"_monsterinsights_sitenote_active":false,"_monsterinsights_sitenote_note":"","_monsterinsights_sitenote_category":0},"product_brand":[],"product_cat":[1587],"product_tag":[324,1204,1267],"brand":[{"id":600,"name":"Alias","slug":"alias_no"}],"target-group":[],"discontinued":[],"class_list":{"0":"post-202822","1":"product","2":"type-product","3":"status-publish","5":"product_cat-reisespill-familiespill","6":"product_tag-kreativ","7":"product_tag-ordforklaring-2","8":"product_tag-sammen-no","9":"brand-alias_no","11":"first","12":"instock","13":"taxable","14":"shipping-taxable","15":"product-type-simple"},"aioseo_notices":[],"_links":{"self":[{"href":"https:\/\/games.tactic.net\/no\/wp-json\/wp\/v2\/product\/202822","targetHints":{"allow":["GET"]}}],"collection":[{"href":"https:\/\/games.tactic.net\/no\/wp-json\/wp\/v2\/product"}],"about":[{"href":"https:\/\/games.tactic.net\/no\/wp-json\/wp\/v2\/types\/product"}],"wp:attachment":[{"href":"https:\/\/games.tactic.net\/no\/wp-json\/wp\/v2\/media?parent=202822"}],"wp:term":[{"taxonomy":"product_brand","embeddable":true,"href":"https:\/\/games.tactic.net\/no\/wp-json\/wp\/v2\/product_brand?post=202822"},{"taxonomy":"product_cat","embeddable":true,"href":"https:\/\/games.tactic.net\/no\/wp-json\/wp\/v2\/product_cat?post=202822"},{"taxonomy":"product_tag","embeddable":true,"href":"https:\/\/games.tactic.net\/no\/wp-json\/wp\/v2\/product_tag?post=202822"},{"taxonomy":"brand","embeddable":true,"href":"https:\/\/games.tactic.net\/no\/wp-json\/wp\/v2\/brand?post=202822"},{"taxonomy":"target-group","embeddable":true,"href":"https:\/\/games.tactic.net\/no\/wp-json\/wp\/v2\/target-group?post=202822"},{"taxonomy":"discontinued","embeddable":true,"href":"https:\/\/games.tactic.net\/no\/wp-json\/wp\/v2\/discontinued?post=202822"}],"curies":[{"name":"wp","href":"https:\/\/api.w.org\/{rel}","templated":true}]}}