{"id":202807,"date":"2021-10-05T08:45:36","date_gmt":"2021-10-05T05:45:36","guid":{"rendered":"http:\/\/dev.tactic.net\/tuote\/alias-junior-reisespill\/"},"modified":"2023-09-27T12:22:04","modified_gmt":"2023-09-27T09:22:04","slug":"alias-junior-reisespill","status":"publish","type":"product","link":"https:\/\/games.tactic.net\/no\/tuote\/alias-junior-reisespill\/","title":{"rendered":"Alias Junior reisespill"},"content":{"rendered":"<p>Det er ingen bedre m\u00e5te for barn \u00e5 utvide sitt vokabular enn med Junior Alias. Bildekortene er enkle \u00e5 forklare fra, men timeglasset stopper fort.<br \/>\nInneholder 50 dobbeltsidige illustrerte ordkort!<br \/>\nUtvider barnas vokabular p\u00e5 en skikkelig morsom m\u00e5te.   Alias.eu<\/p>\n","protected":false},"excerpt":{"rendered":"<p>Det er ingen bedre m\u00e5te for barn \u00e5 utvide sitt vokabular enn med Junior Alias. Bildekortene er enkle \u00e5 forklare fra, men timeglasset stopper fort.<\/p>\n","protected":false},"featured_media":0,"template":"","meta":{"content-type":"","_monsterinsights_skip_tracking":false,"_monsterinsights_sitenote_active":false,"_monsterinsights_sitenote_note":"","_monsterinsights_sitenote_category":0},"product_brand":[],"product_cat":[1608],"product_tag":[324,1204,1255],"brand":[{"id":600,"name":"Alias","slug":"alias_no"}],"target-group":[],"discontinued":[],"class_list":{"0":"post-202807","1":"product","2":"type-product","3":"status-publish","5":"product_cat-reisespill-barnespill","6":"product_tag-kreativ","7":"product_tag-ordforklaring-2","8":"product_tag-pedagogisk-no","9":"brand-alias_no","11":"first","12":"instock","13":"taxable","14":"shipping-taxable","15":"product-type-simple"},"aioseo_notices":[],"_links":{"self":[{"href":"https:\/\/games.tactic.net\/no\/wp-json\/wp\/v2\/product\/202807","targetHints":{"allow":["GET"]}}],"collection":[{"href":"https:\/\/games.tactic.net\/no\/wp-json\/wp\/v2\/product"}],"about":[{"href":"https:\/\/games.tactic.net\/no\/wp-json\/wp\/v2\/types\/product"}],"wp:attachment":[{"href":"https:\/\/games.tactic.net\/no\/wp-json\/wp\/v2\/media?parent=202807"}],"wp:term":[{"taxonomy":"product_brand","embeddable":true,"href":"https:\/\/games.tactic.net\/no\/wp-json\/wp\/v2\/product_brand?post=202807"},{"taxonomy":"product_cat","embeddable":true,"href":"https:\/\/games.tactic.net\/no\/wp-json\/wp\/v2\/product_cat?post=202807"},{"taxonomy":"product_tag","embeddable":true,"href":"https:\/\/games.tactic.net\/no\/wp-json\/wp\/v2\/product_tag?post=202807"},{"taxonomy":"brand","embeddable":true,"href":"https:\/\/games.tactic.net\/no\/wp-json\/wp\/v2\/brand?post=202807"},{"taxonomy":"target-group","embeddable":true,"href":"https:\/\/games.tactic.net\/no\/wp-json\/wp\/v2\/target-group?post=202807"},{"taxonomy":"discontinued","embeddable":true,"href":"https:\/\/games.tactic.net\/no\/wp-json\/wp\/v2\/discontinued?post=202807"}],"curies":[{"name":"wp","href":"https:\/\/api.w.org\/{rel}","templated":true}]}}