{"id":202792,"date":"2021-10-05T08:44:05","date_gmt":"2021-10-05T05:44:05","guid":{"rendered":"http:\/\/dev.tactic.net\/tuote\/late-night-alias\/"},"modified":"2023-10-25T16:07:33","modified_gmt":"2023-10-25T13:07:33","slug":"late-night-alias","status":"publish","type":"product","link":"https:\/\/games.tactic.net\/no\/tuote\/late-night-alias\/","title":{"rendered":"Alias Late Night"},"content":{"rendered":"<p>I dette voksne Alias-spillet forklarer spillerne forskjellige ord i den kjente Alias-stilen, og pr\u00f8ver \u00e5 hjelpe lagkameratene til \u00e5 gjette dem s\u00e5 raskt som mulig. Men v\u00e6r forberedt p\u00e5 \u00e5 r\u00f8dme, for dette Alias-spillet t\u00f8yer grensene litt lengre &#8230;<br \/>\nPerfekt for en voksen spillkveld!<br \/>\nInneholder ord som er helt nye for Alias.<br \/>\nEn overraskende vri gj\u00f8r spillet overraskende og morsomt<\/p>\n","protected":false},"excerpt":{"rendered":"<p>I dette voksne Alias-spillet forklarer spillerne forskjellige ord i den kjente Alias-stilen, og pr\u00f8ver \u00e5 hjelpe lagkameratene til \u00e5 gjette dem s\u00e5 raskt som mulig. Men v\u00e6r forberedt p\u00e5 \u00e5 r\u00f8dme, fordi dette Alias presser grensene litt lenger &#8230;<\/p>\n","protected":false},"featured_media":0,"template":"","meta":{"content-type":"","_monsterinsights_skip_tracking":false,"_monsterinsights_sitenote_active":false,"_monsterinsights_sitenote_note":"","_monsterinsights_sitenote_category":0},"product_brand":[],"product_cat":[1672],"product_tag":[1204,1267],"brand":[{"id":600,"name":"Alias","slug":"alias_no"}],"target-group":[],"discontinued":[],"class_list":{"0":"post-202792","1":"product","2":"type-product","3":"status-publish","5":"product_cat-18-voksenspill","6":"product_tag-ordforklaring-2","7":"product_tag-sammen-no","8":"brand-alias_no","10":"first","11":"instock","12":"taxable","13":"shipping-taxable","14":"product-type-simple"},"aioseo_notices":[],"_links":{"self":[{"href":"https:\/\/games.tactic.net\/no\/wp-json\/wp\/v2\/product\/202792","targetHints":{"allow":["GET"]}}],"collection":[{"href":"https:\/\/games.tactic.net\/no\/wp-json\/wp\/v2\/product"}],"about":[{"href":"https:\/\/games.tactic.net\/no\/wp-json\/wp\/v2\/types\/product"}],"wp:attachment":[{"href":"https:\/\/games.tactic.net\/no\/wp-json\/wp\/v2\/media?parent=202792"}],"wp:term":[{"taxonomy":"product_brand","embeddable":true,"href":"https:\/\/games.tactic.net\/no\/wp-json\/wp\/v2\/product_brand?post=202792"},{"taxonomy":"product_cat","embeddable":true,"href":"https:\/\/games.tactic.net\/no\/wp-json\/wp\/v2\/product_cat?post=202792"},{"taxonomy":"product_tag","embeddable":true,"href":"https:\/\/games.tactic.net\/no\/wp-json\/wp\/v2\/product_tag?post=202792"},{"taxonomy":"brand","embeddable":true,"href":"https:\/\/games.tactic.net\/no\/wp-json\/wp\/v2\/brand?post=202792"},{"taxonomy":"target-group","embeddable":true,"href":"https:\/\/games.tactic.net\/no\/wp-json\/wp\/v2\/target-group?post=202792"},{"taxonomy":"discontinued","embeddable":true,"href":"https:\/\/games.tactic.net\/no\/wp-json\/wp\/v2\/discontinued?post=202792"}],"curies":[{"name":"wp","href":"https:\/\/api.w.org\/{rel}","templated":true}]}}