{"id":202777,"date":"2021-10-05T08:41:33","date_gmt":"2021-10-05T05:41:33","guid":{"rendered":"http:\/\/dev.tactic.net\/tuote\/alias-kvinner-mot-menn\/"},"modified":"2023-09-26T20:42:20","modified_gmt":"2023-09-26T17:42:20","slug":"alias-kvinner-mot-menn","status":"publish","type":"product","link":"https:\/\/games.tactic.net\/no\/tuote\/alias-kvinner-mot-menn\/","title":{"rendered":"Alias Kvinner mot Menn"},"content":{"rendered":"<p>Her utkjemper de ulike kj\u00f8nn en herlig kj\u00f8nnskamp. Det er det svakere kj\u00f8nn mot det sterkere &#8211; eller hvordan var det igjen? I dette spillet kan du bare vinne om du vet hva det motsatte kj\u00f8nn tenker. Forklar ordene og pr\u00f8v \u00e5 komme til m\u00e5l f\u00f8rst!<br \/>\nEn skandal\u00f8st morsom versjon av det klassiske spillet!<br \/>\nSpillerne bruker sin oppfinnsomhet og sans for humor for \u00e5 vinne.<br \/>\nDet latterlige innholdet gj\u00f8r at moroa varer i lenge.   Alias.eu<\/p>\n","protected":false},"excerpt":{"rendered":"<p>Her utkjemper de ulike kj\u00f8nn en herlig kj\u00f8nnskamp. Det er det svakere kj\u00f8nn mot det sterkere &#8211; eller hvordan var det igjen? I dette spillet kan du bare vinne om du vet hva det motsatte kj\u00f8nn tenker. Forklar ordene og pr\u00f8v \u00e5 komme til m\u00e5l f\u00f8rst!<\/p>\n","protected":false},"featured_media":0,"template":"","meta":{"content-type":"","_monsterinsights_skip_tracking":false,"_monsterinsights_sitenote_active":false,"_monsterinsights_sitenote_note":"","_monsterinsights_sitenote_category":0},"product_brand":[],"product_cat":[1661],"product_tag":[324,1204,1267],"brand":[{"id":600,"name":"Alias","slug":"alias_no"}],"target-group":[],"discontinued":[],"class_list":{"0":"post-202777","1":"product","2":"type-product","3":"status-publish","5":"product_cat-selskapsspill-voksenspill","6":"product_tag-kreativ","7":"product_tag-ordforklaring-2","8":"product_tag-sammen-no","9":"brand-alias_no","11":"first","12":"instock","13":"taxable","14":"shipping-taxable","15":"product-type-simple"},"aioseo_notices":[],"_links":{"self":[{"href":"https:\/\/games.tactic.net\/no\/wp-json\/wp\/v2\/product\/202777","targetHints":{"allow":["GET"]}}],"collection":[{"href":"https:\/\/games.tactic.net\/no\/wp-json\/wp\/v2\/product"}],"about":[{"href":"https:\/\/games.tactic.net\/no\/wp-json\/wp\/v2\/types\/product"}],"wp:attachment":[{"href":"https:\/\/games.tactic.net\/no\/wp-json\/wp\/v2\/media?parent=202777"}],"wp:term":[{"taxonomy":"product_brand","embeddable":true,"href":"https:\/\/games.tactic.net\/no\/wp-json\/wp\/v2\/product_brand?post=202777"},{"taxonomy":"product_cat","embeddable":true,"href":"https:\/\/games.tactic.net\/no\/wp-json\/wp\/v2\/product_cat?post=202777"},{"taxonomy":"product_tag","embeddable":true,"href":"https:\/\/games.tactic.net\/no\/wp-json\/wp\/v2\/product_tag?post=202777"},{"taxonomy":"brand","embeddable":true,"href":"https:\/\/games.tactic.net\/no\/wp-json\/wp\/v2\/brand?post=202777"},{"taxonomy":"target-group","embeddable":true,"href":"https:\/\/games.tactic.net\/no\/wp-json\/wp\/v2\/target-group?post=202777"},{"taxonomy":"discontinued","embeddable":true,"href":"https:\/\/games.tactic.net\/no\/wp-json\/wp\/v2\/discontinued?post=202777"}],"curies":[{"name":"wp","href":"https:\/\/api.w.org\/{rel}","templated":true}]}}