{"id":202734,"date":"2021-10-05T08:40:45","date_gmt":"2021-10-05T05:40:45","guid":{"rendered":"http:\/\/dev.tactic.net\/tuote\/mitt-forste-alias\/"},"modified":"2023-09-26T20:28:27","modified_gmt":"2023-09-26T17:28:27","slug":"mitt-forste-alias","status":"publish","type":"product","link":"https:\/\/games.tactic.net\/no\/tuote\/mitt-forste-alias\/","title":{"rendered":"Alias Mitt f\u00f8rste"},"content":{"rendered":"<p>Dette er ordforklaringsmoro for de yngste spillerne. \u00c5 forst\u00e5 ordkortene er enkelt og flytting p\u00e5 spillbrettet g\u00e5r raskt. Alle spiller samtidig! Inneholder herlige og unike illustrasjoner. Hellfaktoren er akkurat passe stor for et spill for sm\u00e5 barn.   Alias.eu<\/p>\n","protected":false},"excerpt":{"rendered":"<p>Dette er ordforklaringsmoro for de yngste spillerne. \u00c5 forst\u00e5 ordkortene er enkelt og flytting p\u00e5 spillbrettet g\u00e5r raskt.<\/p>\n","protected":false},"featured_media":0,"template":"","meta":{"content-type":"","_monsterinsights_skip_tracking":false,"_monsterinsights_sitenote_active":false,"_monsterinsights_sitenote_note":"","_monsterinsights_sitenote_category":0},"product_brand":[],"product_cat":[1649],"product_tag":[324,1204,1255],"brand":[{"id":600,"name":"Alias","slug":"alias_no"}],"target-group":[],"discontinued":[],"class_list":{"0":"post-202734","1":"product","2":"type-product","3":"status-publish","5":"product_cat-barnespill-barnespill","6":"product_tag-kreativ","7":"product_tag-ordforklaring-2","8":"product_tag-pedagogisk-no","9":"brand-alias_no","11":"first","12":"instock","13":"taxable","14":"shipping-taxable","15":"product-type-simple"},"aioseo_notices":[],"_links":{"self":[{"href":"https:\/\/games.tactic.net\/no\/wp-json\/wp\/v2\/product\/202734","targetHints":{"allow":["GET"]}}],"collection":[{"href":"https:\/\/games.tactic.net\/no\/wp-json\/wp\/v2\/product"}],"about":[{"href":"https:\/\/games.tactic.net\/no\/wp-json\/wp\/v2\/types\/product"}],"wp:attachment":[{"href":"https:\/\/games.tactic.net\/no\/wp-json\/wp\/v2\/media?parent=202734"}],"wp:term":[{"taxonomy":"product_brand","embeddable":true,"href":"https:\/\/games.tactic.net\/no\/wp-json\/wp\/v2\/product_brand?post=202734"},{"taxonomy":"product_cat","embeddable":true,"href":"https:\/\/games.tactic.net\/no\/wp-json\/wp\/v2\/product_cat?post=202734"},{"taxonomy":"product_tag","embeddable":true,"href":"https:\/\/games.tactic.net\/no\/wp-json\/wp\/v2\/product_tag?post=202734"},{"taxonomy":"brand","embeddable":true,"href":"https:\/\/games.tactic.net\/no\/wp-json\/wp\/v2\/brand?post=202734"},{"taxonomy":"target-group","embeddable":true,"href":"https:\/\/games.tactic.net\/no\/wp-json\/wp\/v2\/target-group?post=202734"},{"taxonomy":"discontinued","embeddable":true,"href":"https:\/\/games.tactic.net\/no\/wp-json\/wp\/v2\/discontinued?post=202734"}],"curies":[{"name":"wp","href":"https:\/\/api.w.org\/{rel}","templated":true}]}}