{"id":202705,"date":"2021-10-05T08:39:20","date_gmt":"2021-10-05T05:39:20","guid":{"rendered":"http:\/\/dev.tactic.net\/tuote\/alias-junior\/"},"modified":"2023-10-25T15:26:00","modified_gmt":"2023-10-25T12:26:00","slug":"alias-junior","status":"publish","type":"product","link":"https:\/\/games.tactic.net\/no\/tuote\/alias-junior\/","title":{"rendered":"Alias Junior"},"content":{"rendered":"<p>Det er ingen bedre m\u00e5te for barn \u00e5 utvide sitt vokabular enn med Junior Alias. Bildekortene er enkle \u00e5 forklare fra, men timeglasset stopper aldri.<br \/>\nInneholder 300 illustrerte ordkort!<br \/>\nPerfekt for eldre barn.<br \/>\nUtvider barnas vokabular p\u00e5 en skikkelig morsom m\u00e5te.   Alias.eu<\/p>\n<p><img decoding=\"async\" src=\"https:\\\\\\\\games.tactic.net\\\\pic\\\\logo\\\\Awarded_concept.png\"><\/p>\n","protected":false},"excerpt":{"rendered":"<p>Det er ingen bedre m\u00e5te for barn \u00e5 utvide sitt vokabular enn med Junior Alias. Bildekortene er enkle \u00e5 forklare fra, men timeglasset stopper aldri.<\/p>\n","protected":false},"featured_media":0,"template":"","meta":{"content-type":"","_monsterinsights_skip_tracking":false,"_monsterinsights_sitenote_active":false,"_monsterinsights_sitenote_note":"","_monsterinsights_sitenote_category":0},"product_brand":[],"product_cat":[1649],"product_tag":[324,1204,1255],"brand":[{"id":600,"name":"Alias","slug":"alias_no"}],"target-group":[],"discontinued":[],"class_list":{"0":"post-202705","1":"product","2":"type-product","3":"status-publish","5":"product_cat-barnespill-barnespill","6":"product_tag-kreativ","7":"product_tag-ordforklaring-2","8":"product_tag-pedagogisk-no","9":"brand-alias_no","11":"first","12":"instock","13":"taxable","14":"shipping-taxable","15":"product-type-simple"},"aioseo_notices":[],"_links":{"self":[{"href":"https:\/\/games.tactic.net\/no\/wp-json\/wp\/v2\/product\/202705","targetHints":{"allow":["GET"]}}],"collection":[{"href":"https:\/\/games.tactic.net\/no\/wp-json\/wp\/v2\/product"}],"about":[{"href":"https:\/\/games.tactic.net\/no\/wp-json\/wp\/v2\/types\/product"}],"wp:attachment":[{"href":"https:\/\/games.tactic.net\/no\/wp-json\/wp\/v2\/media?parent=202705"}],"wp:term":[{"taxonomy":"product_brand","embeddable":true,"href":"https:\/\/games.tactic.net\/no\/wp-json\/wp\/v2\/product_brand?post=202705"},{"taxonomy":"product_cat","embeddable":true,"href":"https:\/\/games.tactic.net\/no\/wp-json\/wp\/v2\/product_cat?post=202705"},{"taxonomy":"product_tag","embeddable":true,"href":"https:\/\/games.tactic.net\/no\/wp-json\/wp\/v2\/product_tag?post=202705"},{"taxonomy":"brand","embeddable":true,"href":"https:\/\/games.tactic.net\/no\/wp-json\/wp\/v2\/brand?post=202705"},{"taxonomy":"target-group","embeddable":true,"href":"https:\/\/games.tactic.net\/no\/wp-json\/wp\/v2\/target-group?post=202705"},{"taxonomy":"discontinued","embeddable":true,"href":"https:\/\/games.tactic.net\/no\/wp-json\/wp\/v2\/discontinued?post=202705"}],"curies":[{"name":"wp","href":"https:\/\/api.w.org\/{rel}","templated":true}]}}