{"id":202441,"date":"2021-10-04T14:21:21","date_gmt":"2021-10-04T11:21:21","guid":{"rendered":"http:\/\/dev.tactic.net\/tuote\/yatzy-2\/"},"modified":"2023-10-25T14:49:22","modified_gmt":"2023-10-25T11:49:22","slug":"yatzy-2","status":"publish","type":"product","link":"https:\/\/games.tactic.net\/no\/tuote\/yatzy-2\/","title":{"rendered":"Yatzy dice game"},"content":{"rendered":"<p>Yatzy er et gammelt og kjent terningspill som spilles med fem eller seks terninger. M\u00e5let er \u00e5 f\u00e5 s\u00e5 mange nummersammensetninger fra protokollen som mulig. Den som har flest poeng n\u00e5r protokollen er fylt ut, vinner spillet.<\/p>\n","protected":false},"excerpt":{"rendered":"<p>Yatzy er et gammelt og kjent terningspill som spilles med fem eller seks terninger. M\u00e5let er \u00e5 f\u00e5 s\u00e5 mange nummersammensetninger fra protokollen som mulig.<\/p>\n","protected":false},"featured_media":0,"template":"","meta":{"content-type":"","_monsterinsights_skip_tracking":false,"_monsterinsights_sitenote_active":false,"_monsterinsights_sitenote_note":"","_monsterinsights_sitenote_category":0},"product_brand":[],"product_cat":[1611,1612],"product_tag":[358,1003],"brand":[],"target-group":[],"discontinued":[],"class_list":{"0":"post-202441","1":"product","2":"type-product","3":"status-publish","5":"product_cat-kort-og-terningspill-familiespill","6":"product_cat-kort-og-terningspill-andre-spill","7":"product_tag-beregning","8":"product_tag-hell","10":"first","11":"outofstock","12":"taxable","13":"shipping-taxable","14":"product-type-simple"},"aioseo_notices":[],"_links":{"self":[{"href":"https:\/\/games.tactic.net\/no\/wp-json\/wp\/v2\/product\/202441","targetHints":{"allow":["GET"]}}],"collection":[{"href":"https:\/\/games.tactic.net\/no\/wp-json\/wp\/v2\/product"}],"about":[{"href":"https:\/\/games.tactic.net\/no\/wp-json\/wp\/v2\/types\/product"}],"wp:attachment":[{"href":"https:\/\/games.tactic.net\/no\/wp-json\/wp\/v2\/media?parent=202441"}],"wp:term":[{"taxonomy":"product_brand","embeddable":true,"href":"https:\/\/games.tactic.net\/no\/wp-json\/wp\/v2\/product_brand?post=202441"},{"taxonomy":"product_cat","embeddable":true,"href":"https:\/\/games.tactic.net\/no\/wp-json\/wp\/v2\/product_cat?post=202441"},{"taxonomy":"product_tag","embeddable":true,"href":"https:\/\/games.tactic.net\/no\/wp-json\/wp\/v2\/product_tag?post=202441"},{"taxonomy":"brand","embeddable":true,"href":"https:\/\/games.tactic.net\/no\/wp-json\/wp\/v2\/brand?post=202441"},{"taxonomy":"target-group","embeddable":true,"href":"https:\/\/games.tactic.net\/no\/wp-json\/wp\/v2\/target-group?post=202441"},{"taxonomy":"discontinued","embeddable":true,"href":"https:\/\/games.tactic.net\/no\/wp-json\/wp\/v2\/discontinued?post=202441"}],"curies":[{"name":"wp","href":"https:\/\/api.w.org\/{rel}","templated":true}]}}