{"id":202412,"date":"2021-10-04T14:18:10","date_gmt":"2021-10-04T11:18:10","guid":{"rendered":"http:\/\/dev.tactic.net\/tuote\/yatzy-med-treterninger\/"},"modified":"2023-10-25T16:33:40","modified_gmt":"2023-10-25T13:33:40","slug":"yatzy-med-treterninger","status":"publish","type":"product","link":"https:\/\/games.tactic.net\/no\/tuote\/yatzy-med-treterninger\/","title":{"rendered":"Yatzy med treterninger"},"content":{"rendered":"<p>Det popul\u00e6re og vanedannende spillet Yatzy er et must for alle spillelskere. Dette Yatzy-spillet har kompakt st\u00f8rrelse, men h\u00f8y kvalitet med terninger av tre. Kast ulike kombinasjoner p\u00e5 terningene, og pr\u00f8v \u00e5 f\u00e5 h\u00f8yest poengsum!<\/p>\n","protected":false},"excerpt":{"rendered":"<p>Det popul\u00e6re og vanedannende spillet Yatzy er et must for alle spillelskere. Dette Yatzy-spillet har kompakt st\u00f8rrelse, men h\u00f8y kvalitet med terninger av tre. Kast ulike kombinasjoner p\u00e5 terningene, og pr\u00f8v \u00e5 f\u00e5 h\u00f8yest poengsum!<\/p>\n","protected":false},"featured_media":0,"template":"","meta":{"content-type":"","_monsterinsights_skip_tracking":false,"_monsterinsights_sitenote_active":false,"_monsterinsights_sitenote_note":"","_monsterinsights_sitenote_category":0},"product_brand":[],"product_cat":[1611,1612],"product_tag":[358,1003],"brand":[],"target-group":[],"discontinued":[],"class_list":{"0":"post-202412","1":"product","2":"type-product","3":"status-publish","5":"product_cat-kort-og-terningspill-familiespill","6":"product_cat-kort-og-terningspill-andre-spill","7":"product_tag-beregning","8":"product_tag-hell","10":"first","11":"instock","12":"taxable","13":"shipping-taxable","14":"product-type-simple"},"aioseo_notices":[],"_links":{"self":[{"href":"https:\/\/games.tactic.net\/no\/wp-json\/wp\/v2\/product\/202412","targetHints":{"allow":["GET"]}}],"collection":[{"href":"https:\/\/games.tactic.net\/no\/wp-json\/wp\/v2\/product"}],"about":[{"href":"https:\/\/games.tactic.net\/no\/wp-json\/wp\/v2\/types\/product"}],"wp:attachment":[{"href":"https:\/\/games.tactic.net\/no\/wp-json\/wp\/v2\/media?parent=202412"}],"wp:term":[{"taxonomy":"product_brand","embeddable":true,"href":"https:\/\/games.tactic.net\/no\/wp-json\/wp\/v2\/product_brand?post=202412"},{"taxonomy":"product_cat","embeddable":true,"href":"https:\/\/games.tactic.net\/no\/wp-json\/wp\/v2\/product_cat?post=202412"},{"taxonomy":"product_tag","embeddable":true,"href":"https:\/\/games.tactic.net\/no\/wp-json\/wp\/v2\/product_tag?post=202412"},{"taxonomy":"brand","embeddable":true,"href":"https:\/\/games.tactic.net\/no\/wp-json\/wp\/v2\/brand?post=202412"},{"taxonomy":"target-group","embeddable":true,"href":"https:\/\/games.tactic.net\/no\/wp-json\/wp\/v2\/target-group?post=202412"},{"taxonomy":"discontinued","embeddable":true,"href":"https:\/\/games.tactic.net\/no\/wp-json\/wp\/v2\/discontinued?post=202412"}],"curies":[{"name":"wp","href":"https:\/\/api.w.org\/{rel}","templated":true}]}}