{"id":202397,"date":"2021-10-04T14:16:34","date_gmt":"2021-10-04T11:16:34","guid":{"rendered":"http:\/\/dev.tactic.net\/tuote\/yatzy\/"},"modified":"2023-10-25T15:56:45","modified_gmt":"2023-10-25T12:56:45","slug":"yatzy","status":"publish","type":"product","link":"https:\/\/games.tactic.net\/no\/tuote\/yatzy\/","title":{"rendered":"Yatzy med kopp"},"content":{"rendered":"<p>Kast de fem terningene i fors\u00f8k p\u00e5 \u00e5 danne kombinasjonene p\u00e5 poengblokken. Spilleren med den h\u00f8yeste poengscoren ved spillets slutt vinner. Tydelig poengblokk gj\u00f8r spillingen enkel og allsidig. Kan spilles av ethvert antall spillere<\/p>\n","protected":false},"excerpt":{"rendered":"<p>Kast de fem terningene i fors\u00f8k p\u00e5 \u00e5 danne kombinasjonene p\u00e5 poengblokken. Spilleren med den h\u00f8yeste poengscoren ved spillets slutt vinner.<\/p>\n","protected":false},"featured_media":0,"template":"","meta":{"content-type":"","_monsterinsights_skip_tracking":false,"_monsterinsights_sitenote_active":false,"_monsterinsights_sitenote_note":"","_monsterinsights_sitenote_category":0},"product_brand":[],"product_cat":[1611,1612],"product_tag":[358,1003,1233],"brand":[],"target-group":[],"discontinued":[],"class_list":{"0":"post-202397","1":"product","2":"type-product","3":"status-publish","5":"product_cat-kort-og-terningspill-familiespill","6":"product_cat-kort-og-terningspill-andre-spill","7":"product_tag-beregning","8":"product_tag-hell","9":"product_tag-kombinere-no","11":"first","12":"instock","13":"taxable","14":"shipping-taxable","15":"product-type-simple"},"aioseo_notices":[],"_links":{"self":[{"href":"https:\/\/games.tactic.net\/no\/wp-json\/wp\/v2\/product\/202397","targetHints":{"allow":["GET"]}}],"collection":[{"href":"https:\/\/games.tactic.net\/no\/wp-json\/wp\/v2\/product"}],"about":[{"href":"https:\/\/games.tactic.net\/no\/wp-json\/wp\/v2\/types\/product"}],"wp:attachment":[{"href":"https:\/\/games.tactic.net\/no\/wp-json\/wp\/v2\/media?parent=202397"}],"wp:term":[{"taxonomy":"product_brand","embeddable":true,"href":"https:\/\/games.tactic.net\/no\/wp-json\/wp\/v2\/product_brand?post=202397"},{"taxonomy":"product_cat","embeddable":true,"href":"https:\/\/games.tactic.net\/no\/wp-json\/wp\/v2\/product_cat?post=202397"},{"taxonomy":"product_tag","embeddable":true,"href":"https:\/\/games.tactic.net\/no\/wp-json\/wp\/v2\/product_tag?post=202397"},{"taxonomy":"brand","embeddable":true,"href":"https:\/\/games.tactic.net\/no\/wp-json\/wp\/v2\/brand?post=202397"},{"taxonomy":"target-group","embeddable":true,"href":"https:\/\/games.tactic.net\/no\/wp-json\/wp\/v2\/target-group?post=202397"},{"taxonomy":"discontinued","embeddable":true,"href":"https:\/\/games.tactic.net\/no\/wp-json\/wp\/v2\/discontinued?post=202397"}],"curies":[{"name":"wp","href":"https:\/\/api.w.org\/{rel}","templated":true}]}}