{"id":202338,"date":"2021-10-04T14:13:29","date_gmt":"2021-10-04T11:13:29","guid":{"rendered":"http:\/\/dev.tactic.net\/tuote\/dicetto\/"},"modified":"2023-10-25T14:34:46","modified_gmt":"2023-10-25T11:34:46","slug":"dicetto","status":"publish","type":"product","link":"https:\/\/games.tactic.net\/no\/tuote\/dicetto\/","title":{"rendered":"Dicetto dice game"},"content":{"rendered":"<p>Kast terningene, sammenlign m\u00f8nstrene og pr\u00f8v \u00e5 vinne de beste kortene for \u00e5 vinne spillet! Dicetto tar terningspill tilbake til sine r\u00f8tter!<br \/>\nSpillet kombinerer taktikk og hell p\u00e5 en morsom m\u00e5te.<br \/>\nDe fargerike terningene gj\u00f8r hvert spill oppmuntrende!<br \/>\nEndel\u00f8s moro med terninger!<\/p>\n","protected":false},"excerpt":{"rendered":"<p>Kast terningene, sammenlign m\u00f8nstrene og pr\u00f8v \u00e5 vinne de beste kortene for \u00e5 vinne spillet! Dicetto tar terningspill tilbake til sine r\u00f8tter!<\/p>\n","protected":false},"featured_media":0,"template":"","meta":{"content-type":"","_monsterinsights_skip_tracking":false,"_monsterinsights_sitenote_active":false,"_monsterinsights_sitenote_note":"","_monsterinsights_sitenote_category":0},"product_brand":[],"product_cat":[1611,1612],"product_tag":[1003,974],"brand":[],"target-group":[],"discontinued":[],"class_list":{"0":"post-202338","1":"product","2":"type-product","3":"status-publish","5":"product_cat-kort-og-terningspill-familiespill","6":"product_cat-kort-og-terningspill-andre-spill","7":"product_tag-hell","8":"product_tag-taktikk","10":"first","11":"instock","12":"taxable","13":"shipping-taxable","14":"product-type-simple"},"aioseo_notices":[],"_links":{"self":[{"href":"https:\/\/games.tactic.net\/no\/wp-json\/wp\/v2\/product\/202338","targetHints":{"allow":["GET"]}}],"collection":[{"href":"https:\/\/games.tactic.net\/no\/wp-json\/wp\/v2\/product"}],"about":[{"href":"https:\/\/games.tactic.net\/no\/wp-json\/wp\/v2\/types\/product"}],"wp:attachment":[{"href":"https:\/\/games.tactic.net\/no\/wp-json\/wp\/v2\/media?parent=202338"}],"wp:term":[{"taxonomy":"product_brand","embeddable":true,"href":"https:\/\/games.tactic.net\/no\/wp-json\/wp\/v2\/product_brand?post=202338"},{"taxonomy":"product_cat","embeddable":true,"href":"https:\/\/games.tactic.net\/no\/wp-json\/wp\/v2\/product_cat?post=202338"},{"taxonomy":"product_tag","embeddable":true,"href":"https:\/\/games.tactic.net\/no\/wp-json\/wp\/v2\/product_tag?post=202338"},{"taxonomy":"brand","embeddable":true,"href":"https:\/\/games.tactic.net\/no\/wp-json\/wp\/v2\/brand?post=202338"},{"taxonomy":"target-group","embeddable":true,"href":"https:\/\/games.tactic.net\/no\/wp-json\/wp\/v2\/target-group?post=202338"},{"taxonomy":"discontinued","embeddable":true,"href":"https:\/\/games.tactic.net\/no\/wp-json\/wp\/v2\/discontinued?post=202338"}],"curies":[{"name":"wp","href":"https:\/\/api.w.org\/{rel}","templated":true}]}}