{"id":202323,"date":"2021-10-04T14:12:44","date_gmt":"2021-10-04T11:12:44","guid":{"rendered":"http:\/\/dev.tactic.net\/tuote\/rainbow-yatzy\/"},"modified":"2023-10-25T16:21:51","modified_gmt":"2023-10-25T13:21:51","slug":"rainbow-yatzy","status":"publish","type":"product","link":"https:\/\/games.tactic.net\/no\/tuote\/rainbow-yatzy\/","title":{"rendered":"Rainbow Yatzy dice game"},"content":{"rendered":"<p>Et klassisk terningspill med en fargerik vri! Rull terningene i regnbuefoten, og pr\u00f8v \u00e5 finne like farger for \u00e5 samle kort fra bordet. Jo flere kort du samler, desto h\u00f8yere blir poengsummen din. Men v\u00e6r forsiktig, noen ganger kan anstrengelsene dine ende opp med \u00e5 hjelpe neste spiller &#8230;<br \/>\nVelkjent spillkonsept med en helt ny vri!<br \/>\nSpillet er kompakt og lett \u00e5 ta med seg.<br \/>\nInneholder fantastiske fargeterninger!<\/p>\n","protected":false},"excerpt":{"rendered":"<p>Et klassisk terningspill med en fargerik vri! Rull terningene i regnbuefoten, og pr\u00f8v \u00e5 finne like farger for \u00e5 samle kort fra bordet. Jo flere kort du samler, desto h\u00f8yere blir poengsummen din. Men v\u00e6r forsiktig, noen ganger kan anstrengelsene dine ende opp med \u00e5 hjelpe neste spiller &#8230;<\/p>\n","protected":false},"featured_media":0,"template":"","meta":{"content-type":"","_monsterinsights_skip_tracking":false,"_monsterinsights_sitenote_active":false,"_monsterinsights_sitenote_note":"","_monsterinsights_sitenote_category":0},"product_brand":[],"product_cat":[1611,1612],"product_tag":[1003,1239],"brand":[],"target-group":[],"discontinued":[],"class_list":{"0":"post-202323","1":"product","2":"type-product","3":"status-publish","5":"product_cat-kort-og-terningspill-familiespill","6":"product_cat-kort-og-terningspill-andre-spill","7":"product_tag-hell","8":"product_tag-strategi-no","10":"first","11":"instock","12":"taxable","13":"shipping-taxable","14":"product-type-simple"},"aioseo_notices":[],"_links":{"self":[{"href":"https:\/\/games.tactic.net\/no\/wp-json\/wp\/v2\/product\/202323","targetHints":{"allow":["GET"]}}],"collection":[{"href":"https:\/\/games.tactic.net\/no\/wp-json\/wp\/v2\/product"}],"about":[{"href":"https:\/\/games.tactic.net\/no\/wp-json\/wp\/v2\/types\/product"}],"wp:attachment":[{"href":"https:\/\/games.tactic.net\/no\/wp-json\/wp\/v2\/media?parent=202323"}],"wp:term":[{"taxonomy":"product_brand","embeddable":true,"href":"https:\/\/games.tactic.net\/no\/wp-json\/wp\/v2\/product_brand?post=202323"},{"taxonomy":"product_cat","embeddable":true,"href":"https:\/\/games.tactic.net\/no\/wp-json\/wp\/v2\/product_cat?post=202323"},{"taxonomy":"product_tag","embeddable":true,"href":"https:\/\/games.tactic.net\/no\/wp-json\/wp\/v2\/product_tag?post=202323"},{"taxonomy":"brand","embeddable":true,"href":"https:\/\/games.tactic.net\/no\/wp-json\/wp\/v2\/brand?post=202323"},{"taxonomy":"target-group","embeddable":true,"href":"https:\/\/games.tactic.net\/no\/wp-json\/wp\/v2\/target-group?post=202323"},{"taxonomy":"discontinued","embeddable":true,"href":"https:\/\/games.tactic.net\/no\/wp-json\/wp\/v2\/discontinued?post=202323"}],"curies":[{"name":"wp","href":"https:\/\/api.w.org\/{rel}","templated":true}]}}