{"id":202293,"date":"2021-10-04T14:10:10","date_gmt":"2021-10-04T11:10:10","guid":{"rendered":"http:\/\/dev.tactic.net\/tuote\/canal-king\/"},"modified":"2024-08-20T09:47:08","modified_gmt":"2024-08-20T06:47:08","slug":"canal-king","status":"archive","type":"product","link":"https:\/\/games.tactic.net\/no\/tuote\/canal-king\/","title":{"rendered":"Canal King board game"},"content":{"rendered":"<p>I dette underholdende strategispillet er dere i Brugge i Belgia. Bygg en rute av kanaler som forbinder starthavnen din med endepunktet via to mellomstasjoner. N\u00e5r ruten er ferdig, hopper du om bord i skipet ditt og pr\u00f8ver \u00e5 n\u00e5 m\u00e5llinjen f\u00f8r de andre kommer deg i forkj\u00f8pet.<br \/>\nStort og fargerikt spillebrett.<br \/>\nInneholder plater og brikker av tre.<br \/>\nPasser for hele familien!<\/p>\n","protected":false},"excerpt":{"rendered":"<p>I dette underholdende strategispillet er dere i Brugge i Belgia. Bygg en rute av kanaler som forbinder starthavnen din med endepunktet via to mellomstasjoner. N\u00e5r ruten er ferdig, hopper du om bord i skipet ditt og pr\u00f8ver \u00e5 n\u00e5 m\u00e5llinjen f\u00f8r de andre kommer deg i forkj\u00f8pet<\/p>\n","protected":false},"featured_media":0,"template":"","meta":{"content-type":"","_monsterinsights_skip_tracking":false,"_monsterinsights_sitenote_active":false,"_monsterinsights_sitenote_note":"","_monsterinsights_sitenote_category":0},"product_brand":[],"product_cat":[2278,1456],"product_tag":[1239],"brand":[{"id":884,"name":"Gamestorm Studio","slug":"gametormstudio"}],"target-group":[],"discontinued":[],"class_list":{"0":"post-202293","1":"product","2":"type-product","3":"status-archive","5":"product_cat-strategispill-salg","6":"product_cat-strategispill-familiespill","7":"product_tag-strategi-no","8":"brand-gametormstudio","10":"first","11":"outofstock","12":"sale","13":"taxable","14":"shipping-taxable","15":"product-type-simple"},"aioseo_notices":[],"_links":{"self":[{"href":"https:\/\/games.tactic.net\/no\/wp-json\/wp\/v2\/product\/202293","targetHints":{"allow":["GET"]}}],"collection":[{"href":"https:\/\/games.tactic.net\/no\/wp-json\/wp\/v2\/product"}],"about":[{"href":"https:\/\/games.tactic.net\/no\/wp-json\/wp\/v2\/types\/product"}],"wp:attachment":[{"href":"https:\/\/games.tactic.net\/no\/wp-json\/wp\/v2\/media?parent=202293"}],"wp:term":[{"taxonomy":"product_brand","embeddable":true,"href":"https:\/\/games.tactic.net\/no\/wp-json\/wp\/v2\/product_brand?post=202293"},{"taxonomy":"product_cat","embeddable":true,"href":"https:\/\/games.tactic.net\/no\/wp-json\/wp\/v2\/product_cat?post=202293"},{"taxonomy":"product_tag","embeddable":true,"href":"https:\/\/games.tactic.net\/no\/wp-json\/wp\/v2\/product_tag?post=202293"},{"taxonomy":"brand","embeddable":true,"href":"https:\/\/games.tactic.net\/no\/wp-json\/wp\/v2\/brand?post=202293"},{"taxonomy":"target-group","embeddable":true,"href":"https:\/\/games.tactic.net\/no\/wp-json\/wp\/v2\/target-group?post=202293"},{"taxonomy":"discontinued","embeddable":true,"href":"https:\/\/games.tactic.net\/no\/wp-json\/wp\/v2\/discontinued?post=202293"}],"curies":[{"name":"wp","href":"https:\/\/api.w.org\/{rel}","templated":true}]}}