{"id":202278,"date":"2021-10-04T14:08:30","date_gmt":"2021-10-04T11:08:30","guid":{"rendered":"http:\/\/dev.tactic.net\/tuote\/land-of-clans\/"},"modified":"2024-12-04T10:40:43","modified_gmt":"2024-12-04T08:40:43","slug":"land-of-clans","status":"archive","type":"product","link":"https:\/\/games.tactic.net\/no\/tuote\/land-of-clans\/","title":{"rendered":"Land of Clans board game"},"content":{"rendered":"<p>G\u00e5 inn i rollen som klansh\u00f8vding, og erobre Det skotske h\u00f8ylandet! Bygg ditt eget slott ved \u00e5 innta feltene p\u00e5 spillebrettet. Du kan ogs\u00e5 angripe motspillerens slott hvis du tror du er mektig nok til \u00e5 bryte forsvaret. Vinneren er den som f\u00f8rst eier fire slott.<br \/>\nEt spennende og strategisk spill for hele familien!<br \/>\nSpillebrikker av tre.<\/p>\n","protected":false},"excerpt":{"rendered":"<p>G\u00e5 inn i rollen som klansh\u00f8vding, og erobre Det skotske h\u00f8ylandet! Bygg ditt eget slott ved \u00e5 innta feltene p\u00e5 spillebrettet. Du kan ogs\u00e5 angripe motspillerens slott hvis du tror du er mektig nok til \u00e5 bryte forsvaret. Vinneren er den som f\u00f8rst eier fire slott.<\/p>\n","protected":false},"featured_media":0,"template":"","meta":{"content-type":"","_monsterinsights_skip_tracking":false,"_monsterinsights_sitenote_active":false,"_monsterinsights_sitenote_note":"","_monsterinsights_sitenote_category":0},"product_brand":[],"product_cat":[971,1456],"product_tag":[1239,974],"brand":[{"id":884,"name":"Gamestorm Studio","slug":"gametormstudio"}],"target-group":[],"discontinued":[],"class_list":{"0":"post-202278","1":"product","2":"type-product","3":"status-archive","5":"product_cat-strategispill","6":"product_cat-strategispill-familiespill","7":"product_tag-strategi-no","8":"product_tag-taktikk","9":"brand-gametormstudio","11":"first","12":"outofstock","13":"taxable","14":"shipping-taxable","15":"product-type-simple"},"aioseo_notices":[],"_links":{"self":[{"href":"https:\/\/games.tactic.net\/no\/wp-json\/wp\/v2\/product\/202278","targetHints":{"allow":["GET"]}}],"collection":[{"href":"https:\/\/games.tactic.net\/no\/wp-json\/wp\/v2\/product"}],"about":[{"href":"https:\/\/games.tactic.net\/no\/wp-json\/wp\/v2\/types\/product"}],"wp:attachment":[{"href":"https:\/\/games.tactic.net\/no\/wp-json\/wp\/v2\/media?parent=202278"}],"wp:term":[{"taxonomy":"product_brand","embeddable":true,"href":"https:\/\/games.tactic.net\/no\/wp-json\/wp\/v2\/product_brand?post=202278"},{"taxonomy":"product_cat","embeddable":true,"href":"https:\/\/games.tactic.net\/no\/wp-json\/wp\/v2\/product_cat?post=202278"},{"taxonomy":"product_tag","embeddable":true,"href":"https:\/\/games.tactic.net\/no\/wp-json\/wp\/v2\/product_tag?post=202278"},{"taxonomy":"brand","embeddable":true,"href":"https:\/\/games.tactic.net\/no\/wp-json\/wp\/v2\/brand?post=202278"},{"taxonomy":"target-group","embeddable":true,"href":"https:\/\/games.tactic.net\/no\/wp-json\/wp\/v2\/target-group?post=202278"},{"taxonomy":"discontinued","embeddable":true,"href":"https:\/\/games.tactic.net\/no\/wp-json\/wp\/v2\/discontinued?post=202278"}],"curies":[{"name":"wp","href":"https:\/\/api.w.org\/{rel}","templated":true}]}}