{"id":202263,"date":"2021-10-04T14:07:01","date_gmt":"2021-10-04T11:07:01","guid":{"rendered":"http:\/\/dev.tactic.net\/tuote\/arctic-race\/"},"modified":"2024-12-04T10:37:01","modified_gmt":"2024-12-04T08:37:01","slug":"arctic-race","status":"archive","type":"product","link":"https:\/\/games.tactic.net\/no\/tuote\/arctic-race\/","title":{"rendered":"Arctic Race board game"},"content":{"rendered":"<p>I dette sn\u00f8fylte og spennende eventyret skal du pr\u00f8ve \u00e5 bli f\u00f8rst til \u00e5 lede to hundespann til Nordpolen! Det er en farefylt reise, og motstanderne dine kan ogs\u00e5 legge hindringer i veien for deg. Du m\u00e5 legge strategier og bruke utstyret klokt for \u00e5 sl\u00e5 de andre i dette dramatiske kappl\u00f8pet!<br \/>\nHundespann-brikker av tre!<br \/>\nMye moro for hele familien.<br \/>\nSpillebrett i stadig endring som lar deg tilpasse lengden p\u00e5 spillet.<\/p>\n","protected":false},"excerpt":{"rendered":"<p>I dette sn\u00f8fylte og spennende eventyret skal du pr\u00f8ve \u00e5 bli f\u00f8rst til \u00e5 lede to hundespann til Nordpolen! Det er en farefylt reise, og motstanderne dine kan ogs\u00e5 legge hindringer i veien for deg. Du m\u00e5 legge strategier og bruke utstyret klokt for \u00e5 sl\u00e5 de andre i dette dramatiske kappl\u00f8pet!<\/p>\n","protected":false},"featured_media":0,"template":"","meta":{"content-type":"","_monsterinsights_skip_tracking":false,"_monsterinsights_sitenote_active":false,"_monsterinsights_sitenote_note":"","_monsterinsights_sitenote_category":0},"product_brand":[],"product_cat":[971,1456],"product_tag":[1239],"brand":[{"id":884,"name":"Gamestorm Studio","slug":"gametormstudio"}],"target-group":[],"discontinued":[],"class_list":{"0":"post-202263","1":"product","2":"type-product","3":"status-archive","5":"product_cat-strategispill","6":"product_cat-strategispill-familiespill","7":"product_tag-strategi-no","8":"brand-gametormstudio","10":"first","11":"outofstock","12":"taxable","13":"shipping-taxable","14":"product-type-simple"},"aioseo_notices":[],"_links":{"self":[{"href":"https:\/\/games.tactic.net\/no\/wp-json\/wp\/v2\/product\/202263","targetHints":{"allow":["GET"]}}],"collection":[{"href":"https:\/\/games.tactic.net\/no\/wp-json\/wp\/v2\/product"}],"about":[{"href":"https:\/\/games.tactic.net\/no\/wp-json\/wp\/v2\/types\/product"}],"wp:attachment":[{"href":"https:\/\/games.tactic.net\/no\/wp-json\/wp\/v2\/media?parent=202263"}],"wp:term":[{"taxonomy":"product_brand","embeddable":true,"href":"https:\/\/games.tactic.net\/no\/wp-json\/wp\/v2\/product_brand?post=202263"},{"taxonomy":"product_cat","embeddable":true,"href":"https:\/\/games.tactic.net\/no\/wp-json\/wp\/v2\/product_cat?post=202263"},{"taxonomy":"product_tag","embeddable":true,"href":"https:\/\/games.tactic.net\/no\/wp-json\/wp\/v2\/product_tag?post=202263"},{"taxonomy":"brand","embeddable":true,"href":"https:\/\/games.tactic.net\/no\/wp-json\/wp\/v2\/brand?post=202263"},{"taxonomy":"target-group","embeddable":true,"href":"https:\/\/games.tactic.net\/no\/wp-json\/wp\/v2\/target-group?post=202263"},{"taxonomy":"discontinued","embeddable":true,"href":"https:\/\/games.tactic.net\/no\/wp-json\/wp\/v2\/discontinued?post=202263"}],"curies":[{"name":"wp","href":"https:\/\/api.w.org\/{rel}","templated":true}]}}