{"id":202234,"date":"2021-10-04T14:04:52","date_gmt":"2021-10-04T11:04:52","guid":{"rendered":"http:\/\/dev.tactic.net\/tuote\/slingshot-to-mars\/"},"modified":"2024-12-04T10:35:49","modified_gmt":"2024-12-04T08:35:49","slug":"slingshot-to-mars","status":"archive","type":"product","link":"https:\/\/games.tactic.net\/no\/tuote\/slingshot-to-mars\/","title":{"rendered":"Slingshot to Mars board game"},"content":{"rendered":"<p>Bli med p\u00e5 et galaktisk eventyr \u2013 \u00e5 utvinne verdifulle mineraler p\u00e5 Mars og m\u00e5nen dens, Phobos. Skyt romskipet ditt opp i bane for \u00e5 finne de beste stedene for gruvedrift, og bruk oppgraderinger av skipet for \u00e5 f\u00e5 fortrinn. Spillet slutter n\u00e5r alle mineralene er tatt, og spilleren med h\u00f8yest poengsum vinner!<br \/>\nStort og i\u00f8ynefallende spillebrett.<br \/>\nSpillet har en kombinasjon av dyktighet og taktisk tenkning!<br \/>\nMorsom magnetisk komponent!<\/p>\n","protected":false},"excerpt":{"rendered":"<p>Bli med p\u00e5 et galaktisk eventyr \u2013 \u00e5 utvinne verdifulle mineraler p\u00e5 Mars og m\u00e5nen dens, Phobos. Skyt romskipet ditt opp i bane for \u00e5 finne de beste stedene for gruvedrift, og bruk oppgraderinger av skipet for \u00e5 f\u00e5 fortrinn. Spillet slutter n\u00e5r alle mineralene er tatt, og spilleren med h\u00f8yest poengsum vinner!<\/p>\n","protected":false},"featured_media":0,"template":"","meta":{"content-type":"","_monsterinsights_skip_tracking":false,"_monsterinsights_sitenote_active":false,"_monsterinsights_sitenote_note":"","_monsterinsights_sitenote_category":0},"product_brand":[],"product_cat":[971,1456],"product_tag":[1251,1239],"brand":[{"id":884,"name":"Gamestorm Studio","slug":"gametormstudio"}],"target-group":[],"discontinued":[],"class_list":{"0":"post-202234","1":"product","2":"type-product","3":"status-archive","5":"product_cat-strategispill","6":"product_cat-strategispill-familiespill","7":"product_tag-ferdighet-no","8":"product_tag-strategi-no","9":"brand-gametormstudio","11":"first","12":"outofstock","13":"taxable","14":"shipping-taxable","15":"product-type-simple"},"aioseo_notices":[],"_links":{"self":[{"href":"https:\/\/games.tactic.net\/no\/wp-json\/wp\/v2\/product\/202234","targetHints":{"allow":["GET"]}}],"collection":[{"href":"https:\/\/games.tactic.net\/no\/wp-json\/wp\/v2\/product"}],"about":[{"href":"https:\/\/games.tactic.net\/no\/wp-json\/wp\/v2\/types\/product"}],"wp:attachment":[{"href":"https:\/\/games.tactic.net\/no\/wp-json\/wp\/v2\/media?parent=202234"}],"wp:term":[{"taxonomy":"product_brand","embeddable":true,"href":"https:\/\/games.tactic.net\/no\/wp-json\/wp\/v2\/product_brand?post=202234"},{"taxonomy":"product_cat","embeddable":true,"href":"https:\/\/games.tactic.net\/no\/wp-json\/wp\/v2\/product_cat?post=202234"},{"taxonomy":"product_tag","embeddable":true,"href":"https:\/\/games.tactic.net\/no\/wp-json\/wp\/v2\/product_tag?post=202234"},{"taxonomy":"brand","embeddable":true,"href":"https:\/\/games.tactic.net\/no\/wp-json\/wp\/v2\/brand?post=202234"},{"taxonomy":"target-group","embeddable":true,"href":"https:\/\/games.tactic.net\/no\/wp-json\/wp\/v2\/target-group?post=202234"},{"taxonomy":"discontinued","embeddable":true,"href":"https:\/\/games.tactic.net\/no\/wp-json\/wp\/v2\/discontinued?post=202234"}],"curies":[{"name":"wp","href":"https:\/\/api.w.org\/{rel}","templated":true}]}}