{"id":202205,"date":"2021-10-04T14:03:00","date_gmt":"2021-10-04T11:03:00","guid":{"rendered":"http:\/\/dev.tactic.net\/tuote\/seas-of-fortune\/"},"modified":"2025-07-17T08:50:33","modified_gmt":"2025-07-17T05:50:33","slug":"seas-of-fortune","status":"archive","type":"product","link":"https:\/\/games.tactic.net\/no\/tuote\/seas-of-fortune\/","title":{"rendered":"Seas of Fortune board game"},"content":{"rendered":"<p>Du er en handelsmann p\u00e5 1700-tallet som seiler fra havn til havn i \u00d8stersj\u00f8en og Nordsj\u00f8en! Du skal konkurrere med de andre spillerne om det beste mannskapet, fylle skipet med varer, og frakte varene til bestemmelsesstedet f\u00f8r de andre kommer deg i forkj\u00f8pet. Velg last og mannskap n\u00f8ye, for det har innvirkning p\u00e5 seilhastigheten din og pengene du tjener! Spilleren med h\u00f8yest poengsum vinner!<br \/>\nSkipsbrikker av tre.<br \/>\nMorsomt spill med mye strategi!<\/p>\n","protected":false},"excerpt":{"rendered":"<p>Du er en handelsmann p\u00e5 1700-tallet som seiler fra havn til havn i \u00d8stersj\u00f8en og Nordsj\u00f8en! Du skal konkurrere med de andre spillerne om det beste mannskapet, fylle skipet med varer, og frakte varene til bestemmelsesstedet f\u00f8r de andre kommer deg i forkj\u00f8pet. Velg last og mannskap n\u00f8ye, for det har innvirkning p\u00e5 seilhastigheten din og pengene du tjener! Spilleren med h\u00f8yest poengsum vinner!<\/p>\n","protected":false},"featured_media":0,"template":"","meta":{"content-type":"","_monsterinsights_skip_tracking":false,"_monsterinsights_sitenote_active":false,"_monsterinsights_sitenote_note":"","_monsterinsights_sitenote_category":0},"product_brand":[],"product_cat":[971,1456],"product_tag":[1239],"brand":[{"id":884,"name":"Gamestorm Studio","slug":"gametormstudio"}],"target-group":[],"discontinued":[],"class_list":{"0":"post-202205","1":"product","2":"type-product","3":"status-archive","5":"product_cat-strategispill","6":"product_cat-strategispill-familiespill","7":"product_tag-strategi-no","8":"brand-gametormstudio","10":"first","11":"outofstock","12":"taxable","13":"shipping-taxable","14":"product-type-simple"},"aioseo_notices":[],"_links":{"self":[{"href":"https:\/\/games.tactic.net\/no\/wp-json\/wp\/v2\/product\/202205","targetHints":{"allow":["GET"]}}],"collection":[{"href":"https:\/\/games.tactic.net\/no\/wp-json\/wp\/v2\/product"}],"about":[{"href":"https:\/\/games.tactic.net\/no\/wp-json\/wp\/v2\/types\/product"}],"wp:attachment":[{"href":"https:\/\/games.tactic.net\/no\/wp-json\/wp\/v2\/media?parent=202205"}],"wp:term":[{"taxonomy":"product_brand","embeddable":true,"href":"https:\/\/games.tactic.net\/no\/wp-json\/wp\/v2\/product_brand?post=202205"},{"taxonomy":"product_cat","embeddable":true,"href":"https:\/\/games.tactic.net\/no\/wp-json\/wp\/v2\/product_cat?post=202205"},{"taxonomy":"product_tag","embeddable":true,"href":"https:\/\/games.tactic.net\/no\/wp-json\/wp\/v2\/product_tag?post=202205"},{"taxonomy":"brand","embeddable":true,"href":"https:\/\/games.tactic.net\/no\/wp-json\/wp\/v2\/brand?post=202205"},{"taxonomy":"target-group","embeddable":true,"href":"https:\/\/games.tactic.net\/no\/wp-json\/wp\/v2\/target-group?post=202205"},{"taxonomy":"discontinued","embeddable":true,"href":"https:\/\/games.tactic.net\/no\/wp-json\/wp\/v2\/discontinued?post=202205"}],"curies":[{"name":"wp","href":"https:\/\/api.w.org\/{rel}","templated":true}]}}