{"id":202148,"date":"2021-10-04T14:01:23","date_gmt":"2021-10-04T11:01:23","guid":{"rendered":"http:\/\/dev.tactic.net\/tuote\/15-minutters-kupp\/"},"modified":"2024-12-04T10:34:37","modified_gmt":"2024-12-04T08:34:37","slug":"15-minutters-kupp","status":"archive","type":"product","link":"https:\/\/games.tactic.net\/no\/tuote\/15-minutters-kupp\/","title":{"rendered":"15 Minutters kupp"},"content":{"rendered":"<p>Det g\u00e5r en isning gjennom lufta! Gjem deg i et mystisk slott, og unng\u00e5 sp\u00f8kelsene som har bestemt seg for \u00e5 finne deg i huset deres. I dette uhyggelige eventyrspillet for hele familien skal \u00e9n spiller gjemme seg i slottet, mens de andre er sp\u00f8kelser som pr\u00f8ver \u00e5 finne skjulestedet til motspilleren. Det blir spenning hele veien, for b\u00e5de gjemmeren og leterne samler poeng helt til siste slutt! Hvem tar seieren?<\/p>\n","protected":false},"excerpt":{"rendered":"<p>Det g\u00e5r en isning gjennom lufta! Gjem deg i et mystisk slott, og unng\u00e5 sp\u00f8kelsene som har bestemt seg for \u00e5 finne deg i huset deres. I dette uhyggelige eventyrspillet for hele familien skal \u00e9n spiller gjemme seg i slottet, mens de andre er sp\u00f8kelser som pr\u00f8ver \u00e5 finne skjulestedet til motspilleren. Det blir spenning [&hellip;]<\/p>\n","protected":false},"featured_media":0,"template":"","meta":{"content-type":"","_monsterinsights_skip_tracking":false,"_monsterinsights_sitenote_active":false,"_monsterinsights_sitenote_note":"","_monsterinsights_sitenote_category":0},"product_brand":[],"product_cat":[1456,971],"product_tag":[318,1267],"brand":[{"id":884,"name":"Gamestorm Studio","slug":"gametormstudio"}],"target-group":[],"discontinued":[],"class_list":{"0":"post-202148","1":"product","2":"type-product","3":"status-archive","5":"product_cat-strategispill-familiespill","6":"product_cat-strategispill","7":"product_tag-hastighet","8":"product_tag-sammen-no","9":"brand-gametormstudio","11":"first","12":"outofstock","13":"taxable","14":"shipping-taxable","15":"product-type-simple"},"aioseo_notices":[],"_links":{"self":[{"href":"https:\/\/games.tactic.net\/no\/wp-json\/wp\/v2\/product\/202148","targetHints":{"allow":["GET"]}}],"collection":[{"href":"https:\/\/games.tactic.net\/no\/wp-json\/wp\/v2\/product"}],"about":[{"href":"https:\/\/games.tactic.net\/no\/wp-json\/wp\/v2\/types\/product"}],"wp:attachment":[{"href":"https:\/\/games.tactic.net\/no\/wp-json\/wp\/v2\/media?parent=202148"}],"wp:term":[{"taxonomy":"product_brand","embeddable":true,"href":"https:\/\/games.tactic.net\/no\/wp-json\/wp\/v2\/product_brand?post=202148"},{"taxonomy":"product_cat","embeddable":true,"href":"https:\/\/games.tactic.net\/no\/wp-json\/wp\/v2\/product_cat?post=202148"},{"taxonomy":"product_tag","embeddable":true,"href":"https:\/\/games.tactic.net\/no\/wp-json\/wp\/v2\/product_tag?post=202148"},{"taxonomy":"brand","embeddable":true,"href":"https:\/\/games.tactic.net\/no\/wp-json\/wp\/v2\/brand?post=202148"},{"taxonomy":"target-group","embeddable":true,"href":"https:\/\/games.tactic.net\/no\/wp-json\/wp\/v2\/target-group?post=202148"},{"taxonomy":"discontinued","embeddable":true,"href":"https:\/\/games.tactic.net\/no\/wp-json\/wp\/v2\/discontinued?post=202148"}],"curies":[{"name":"wp","href":"https:\/\/api.w.org\/{rel}","templated":true}]}}