{"id":202105,"date":"2021-10-04T13:57:15","date_gmt":"2021-10-04T10:57:15","guid":{"rendered":"http:\/\/dev.tactic.net\/tuote\/vil-du-vedde\/"},"modified":"2023-10-25T15:58:11","modified_gmt":"2023-10-25T12:58:11","slug":"vil-du-vedde","status":"publish","type":"product","link":"https:\/\/games.tactic.net\/no\/tuote\/vil-du-vedde\/","title":{"rendered":"Vil du vedde?"},"content":{"rendered":"<p>Hver spiller pr\u00f8ver \u00e5 l\u00f8se b\u00e5de fysiske og mentale oppgaver for \u00e5 vinne stort, mens de andre spillerne vedder p\u00e5 om spilleren klarer det eller ikke. Inneholder et stort utvalg av morsomme oppgaver. Dette artige spillet f\u00e5r alle i bevegelse. Perfekt for familier og venner!<\/p>\n<p><img decoding=\"async\" src=\"https:\\\\\\\\games.tactic.net\\\\pic\\\\logo\\\\Awarded_concept.png\"><\/p>\n","protected":false},"excerpt":{"rendered":"<p>Hver spiller pr\u00f8ver \u00e5 l\u00f8se b\u00e5de fysiske og mentale oppgaver for \u00e5 vinne stort, mens de andre spillerne vedder p\u00e5 om spilleren klarer det eller ikke. Inneholder et stort utvalg av morsomme oppgaver. Dette artige spillet f\u00e5r alle i bevegelse. Perfekt for familier og venner!<\/p>\n","protected":false},"featured_media":0,"template":"","meta":{"content-type":"","_monsterinsights_skip_tracking":false,"_monsterinsights_sitenote_active":false,"_monsterinsights_sitenote_note":"","_monsterinsights_sitenote_category":0},"product_brand":[],"product_cat":[1662,1661],"product_tag":[383,307,1003,324],"brand":[],"target-group":[],"discontinued":[],"class_list":{"0":"post-202105","1":"product","2":"type-product","3":"status-publish","5":"product_cat-partyspill","6":"product_cat-selskapsspill-voksenspill","7":"product_tag-ferdighet","8":"product_tag-funksjon","9":"product_tag-hell","10":"product_tag-kreativ","12":"first","13":"instock","14":"taxable","15":"shipping-taxable","16":"product-type-simple"},"aioseo_notices":[],"_links":{"self":[{"href":"https:\/\/games.tactic.net\/no\/wp-json\/wp\/v2\/product\/202105","targetHints":{"allow":["GET"]}}],"collection":[{"href":"https:\/\/games.tactic.net\/no\/wp-json\/wp\/v2\/product"}],"about":[{"href":"https:\/\/games.tactic.net\/no\/wp-json\/wp\/v2\/types\/product"}],"wp:attachment":[{"href":"https:\/\/games.tactic.net\/no\/wp-json\/wp\/v2\/media?parent=202105"}],"wp:term":[{"taxonomy":"product_brand","embeddable":true,"href":"https:\/\/games.tactic.net\/no\/wp-json\/wp\/v2\/product_brand?post=202105"},{"taxonomy":"product_cat","embeddable":true,"href":"https:\/\/games.tactic.net\/no\/wp-json\/wp\/v2\/product_cat?post=202105"},{"taxonomy":"product_tag","embeddable":true,"href":"https:\/\/games.tactic.net\/no\/wp-json\/wp\/v2\/product_tag?post=202105"},{"taxonomy":"brand","embeddable":true,"href":"https:\/\/games.tactic.net\/no\/wp-json\/wp\/v2\/brand?post=202105"},{"taxonomy":"target-group","embeddable":true,"href":"https:\/\/games.tactic.net\/no\/wp-json\/wp\/v2\/target-group?post=202105"},{"taxonomy":"discontinued","embeddable":true,"href":"https:\/\/games.tactic.net\/no\/wp-json\/wp\/v2\/discontinued?post=202105"}],"curies":[{"name":"wp","href":"https:\/\/api.w.org\/{rel}","templated":true}]}}