{"id":202020,"date":"2021-10-04T13:53:49","date_gmt":"2021-10-04T10:53:49","guid":{"rendered":"http:\/\/dev.tactic.net\/tuote\/block-out\/"},"modified":"2023-09-15T09:55:14","modified_gmt":"2023-09-15T06:55:14","slug":"block-out","status":"archive","type":"product","link":"https:\/\/games.tactic.net\/no\/tuote\/block-out\/","title":{"rendered":"Block Out!"},"content":{"rendered":"<p>Stabl disse skjeve klossene opp\u00e5 hverandre uten at t\u00e5rnet faller ned! Spilleren som f\u00f8rst kvitter seg med kortene sine eller vellykket plasserer den niende klossen p\u00e5 t\u00e5rnet vinner!<\/p>\n<li>Stilige klosser i h\u00f8y kvalitet gir underholdning i lang tid.<\/li>\n<li>Kortene vil angi hvilken kloss du m\u00e5 plassere.<\/li>\n<li>Flott spill for hele familien!<\/li>\n","protected":false},"excerpt":{"rendered":"<p>Stabl disse skjeve klossene opp\u00e5 hverandre uten at t\u00e5rnet faller ned! Spilleren som f\u00f8rst kvitter seg med kortene sine eller vellykket plasserer den niende klossen p\u00e5 t\u00e5rnet vinner!<\/p>\n<li>Stilige klosser i h\u00f8y kvalitet gir underholdning i lang tid.<\/li>\n<li>Kortene vil angi hvilken kloss du m\u00e5 plassere.<\/li>\n<li>Flott spill for hele familien!<\/li>\n","protected":false},"featured_media":0,"template":"","meta":{"content-type":"","_monsterinsights_skip_tracking":false,"_monsterinsights_sitenote_active":false,"_monsterinsights_sitenote_note":"","_monsterinsights_sitenote_category":0},"product_brand":[],"product_cat":[1619],"product_tag":[1251,974],"brand":[],"target-group":[],"discontinued":[],"class_list":{"0":"post-202020","1":"product","2":"type-product","3":"status-archive","5":"product_cat-brettspill","6":"product_tag-ferdighet-no","7":"product_tag-taktikk","9":"first","10":"outofstock","11":"taxable","12":"shipping-taxable","13":"product-type-simple"},"aioseo_notices":[],"_links":{"self":[{"href":"https:\/\/games.tactic.net\/no\/wp-json\/wp\/v2\/product\/202020","targetHints":{"allow":["GET"]}}],"collection":[{"href":"https:\/\/games.tactic.net\/no\/wp-json\/wp\/v2\/product"}],"about":[{"href":"https:\/\/games.tactic.net\/no\/wp-json\/wp\/v2\/types\/product"}],"wp:attachment":[{"href":"https:\/\/games.tactic.net\/no\/wp-json\/wp\/v2\/media?parent=202020"}],"wp:term":[{"taxonomy":"product_brand","embeddable":true,"href":"https:\/\/games.tactic.net\/no\/wp-json\/wp\/v2\/product_brand?post=202020"},{"taxonomy":"product_cat","embeddable":true,"href":"https:\/\/games.tactic.net\/no\/wp-json\/wp\/v2\/product_cat?post=202020"},{"taxonomy":"product_tag","embeddable":true,"href":"https:\/\/games.tactic.net\/no\/wp-json\/wp\/v2\/product_tag?post=202020"},{"taxonomy":"brand","embeddable":true,"href":"https:\/\/games.tactic.net\/no\/wp-json\/wp\/v2\/brand?post=202020"},{"taxonomy":"target-group","embeddable":true,"href":"https:\/\/games.tactic.net\/no\/wp-json\/wp\/v2\/target-group?post=202020"},{"taxonomy":"discontinued","embeddable":true,"href":"https:\/\/games.tactic.net\/no\/wp-json\/wp\/v2\/discontinued?post=202020"}],"curies":[{"name":"wp","href":"https:\/\/api.w.org\/{rel}","templated":true}]}}