{"id":202005,"date":"2021-10-04T13:53:05","date_gmt":"2021-10-04T10:53:05","guid":{"rendered":"http:\/\/dev.tactic.net\/tuote\/touche\/"},"modified":"2022-01-20T10:34:12","modified_gmt":"2022-01-20T08:34:12","slug":"touche","status":"archive","type":"product","link":"https:\/\/games.tactic.net\/no\/tuote\/touche\/","title":{"rendered":"Touch\u00e9"},"content":{"rendered":"<p>Touch\u00e9 er et fantastisk spennende spill for hele familien. Man trenger b\u00e5de ferdighet og taktikk, men med litt flaks kan det ogs\u00e5 g\u00e5.<br \/>\nSpillerne fors\u00f8ker \u00e5 forme et m\u00f8nster p\u00e5 spillebrettet med sine pyramider; ditt kort bestemmer hvor du kan plassere din pyramide. N\u00e5r<br \/>\nm\u00f8nsteret er ferdig, rop \u201dTouche\u2019\u201d. Nye m\u00f8nster blir formet inntil s\u00e5 mange man har blitt enige om i begynnelsen av spillet. Den som har<br \/>\nfylt opp flest m\u00f8nster er vinneren.<\/p>\n","protected":false},"excerpt":{"rendered":"<p>Touch\u00e9 er et fantastisk spennende spill for hele familien. Man trenger b\u00e5de ferdighet og taktikk, men med litt flaks kan det ogs\u00e5 g\u00e5.<br \/>\nSpillerne fors\u00f8ker \u00e5 forme et m\u00f8nster p\u00e5 spillebrettet med sine pyramider; ditt kort bestemmer hvor du kan plassere din pyramide.<\/p>\n","protected":false},"featured_media":0,"template":"","meta":{"content-type":"","_monsterinsights_skip_tracking":false,"_monsterinsights_sitenote_active":false,"_monsterinsights_sitenote_note":"","_monsterinsights_sitenote_category":0},"product_brand":[],"product_cat":[1619,1457],"product_tag":[1233,1239],"brand":[],"target-group":[],"discontinued":[],"class_list":{"0":"post-202005","1":"product","2":"type-product","3":"status-archive","5":"product_cat-brettspill","6":"product_cat-strategispill-voksenspill","7":"product_tag-kombinere-no","8":"product_tag-strategi-no","10":"first","11":"outofstock","12":"taxable","13":"shipping-taxable","14":"product-type-simple"},"aioseo_notices":[],"_links":{"self":[{"href":"https:\/\/games.tactic.net\/no\/wp-json\/wp\/v2\/product\/202005","targetHints":{"allow":["GET"]}}],"collection":[{"href":"https:\/\/games.tactic.net\/no\/wp-json\/wp\/v2\/product"}],"about":[{"href":"https:\/\/games.tactic.net\/no\/wp-json\/wp\/v2\/types\/product"}],"wp:attachment":[{"href":"https:\/\/games.tactic.net\/no\/wp-json\/wp\/v2\/media?parent=202005"}],"wp:term":[{"taxonomy":"product_brand","embeddable":true,"href":"https:\/\/games.tactic.net\/no\/wp-json\/wp\/v2\/product_brand?post=202005"},{"taxonomy":"product_cat","embeddable":true,"href":"https:\/\/games.tactic.net\/no\/wp-json\/wp\/v2\/product_cat?post=202005"},{"taxonomy":"product_tag","embeddable":true,"href":"https:\/\/games.tactic.net\/no\/wp-json\/wp\/v2\/product_tag?post=202005"},{"taxonomy":"brand","embeddable":true,"href":"https:\/\/games.tactic.net\/no\/wp-json\/wp\/v2\/brand?post=202005"},{"taxonomy":"target-group","embeddable":true,"href":"https:\/\/games.tactic.net\/no\/wp-json\/wp\/v2\/target-group?post=202005"},{"taxonomy":"discontinued","embeddable":true,"href":"https:\/\/games.tactic.net\/no\/wp-json\/wp\/v2\/discontinued?post=202005"}],"curies":[{"name":"wp","href":"https:\/\/api.w.org\/{rel}","templated":true}]}}