{"id":201990,"date":"2021-10-04T13:51:46","date_gmt":"2021-10-04T10:51:46","guid":{"rendered":"http:\/\/dev.tactic.net\/tuote\/5-pa-topp\/"},"modified":"2023-09-26T20:39:26","modified_gmt":"2023-09-26T17:39:26","slug":"5-pa-topp","status":"publish","type":"product","link":"https:\/\/games.tactic.net\/no\/tuote\/5-pa-topp\/","title":{"rendered":"5 p\u00e5 topp"},"content":{"rendered":"<p>I dette oppgave spillet skal spillerne liste topp 5 fra det kortet man f\u00e5r utdelt. Spilleren kan f.eks. f\u00e5 utdelt et kort med 10 byer listet opp. Det er da opp til spilleren \u00e5 plukke ut de 5 byene med st\u00f8rst befolkning og plassere disse i riktig rekkef\u00f8lge etter st\u00f8rrelse. Man flytter frem p\u00e5 spillebrettet etter hvor godt man l\u00f8ser oppgaven og den spilleren som f\u00f8rst n\u00e5r m\u00e5let har vunnet.<\/p>\n","protected":false},"excerpt":{"rendered":"<p>I dette oppgave spillet skal spillerne liste topp 5 fra det kortet man f\u00e5r utdelt. Spilleren kan f.eks. f\u00e5 utdelt et kort med 10 byer listet opp. Det er da opp til spilleren \u00e5 plukke ut de 5 byene med st\u00f8rst befolkning og plassere disse i riktig rekkef\u00f8lge etter st\u00f8rrelse. Man flytter frem p\u00e5 spillebrettet etter hvor godt man l\u00f8ser oppgaven og den spilleren som f\u00f8rst n\u00e5r m\u00e5let har vunnet.<\/p>\n","protected":false},"featured_media":0,"template":"","meta":{"content-type":"","_monsterinsights_skip_tracking":false,"_monsterinsights_sitenote_active":false,"_monsterinsights_sitenote_note":"","_monsterinsights_sitenote_category":0},"product_brand":[],"product_cat":[1664,1665],"product_tag":[1274],"brand":[],"target-group":[],"discontinued":[],"class_list":{"0":"post-201990","1":"product","2":"type-product","3":"status-publish","5":"product_cat-sporrespill","6":"product_cat-sporrespill-voksenspill","7":"product_tag-kunnskap","9":"first","10":"instock","11":"taxable","12":"shipping-taxable","13":"product-type-simple"},"aioseo_notices":[],"_links":{"self":[{"href":"https:\/\/games.tactic.net\/no\/wp-json\/wp\/v2\/product\/201990","targetHints":{"allow":["GET"]}}],"collection":[{"href":"https:\/\/games.tactic.net\/no\/wp-json\/wp\/v2\/product"}],"about":[{"href":"https:\/\/games.tactic.net\/no\/wp-json\/wp\/v2\/types\/product"}],"wp:attachment":[{"href":"https:\/\/games.tactic.net\/no\/wp-json\/wp\/v2\/media?parent=201990"}],"wp:term":[{"taxonomy":"product_brand","embeddable":true,"href":"https:\/\/games.tactic.net\/no\/wp-json\/wp\/v2\/product_brand?post=201990"},{"taxonomy":"product_cat","embeddable":true,"href":"https:\/\/games.tactic.net\/no\/wp-json\/wp\/v2\/product_cat?post=201990"},{"taxonomy":"product_tag","embeddable":true,"href":"https:\/\/games.tactic.net\/no\/wp-json\/wp\/v2\/product_tag?post=201990"},{"taxonomy":"brand","embeddable":true,"href":"https:\/\/games.tactic.net\/no\/wp-json\/wp\/v2\/brand?post=201990"},{"taxonomy":"target-group","embeddable":true,"href":"https:\/\/games.tactic.net\/no\/wp-json\/wp\/v2\/target-group?post=201990"},{"taxonomy":"discontinued","embeddable":true,"href":"https:\/\/games.tactic.net\/no\/wp-json\/wp\/v2\/discontinued?post=201990"}],"curies":[{"name":"wp","href":"https:\/\/api.w.org\/{rel}","templated":true}]}}