{"id":201975,"date":"2021-10-04T13:50:49","date_gmt":"2021-10-04T10:50:49","guid":{"rendered":"http:\/\/dev.tactic.net\/tuote\/kimble-twist\/"},"modified":"2023-10-25T16:22:55","modified_gmt":"2023-10-25T13:22:55","slug":"kimble-twist","status":"publish","type":"product","link":"https:\/\/games.tactic.net\/no\/tuote\/kimble-twist\/","title":{"rendered":"Kimble Twist board game"},"content":{"rendered":"<p>Kimble Twist Er du klar for \u00e5 l\u00f8pe og jage? Kjente og kj\u00e6re Kimble har blitt fornyet med en uventet vri! Fort deg rundt p\u00e5 spillebrettet for \u00e5 f\u00e5 brikkene dine hjem, men se opp for den dreiende banen og det vridende spillebrettet!<br \/>\nKjent og kj\u00e6r spillklassiker med nye, moderne egenskaper som gir spillet mer spenning!<br \/>\nInneholder slitesterke spillebrikker og spillebrett i plast.<br \/>\nDet velkjente spillet har f\u00e5tt flere strategiske muligheter!<\/p>\n","protected":false},"excerpt":{"rendered":"<p>Kimble Twist Er du klar for \u00e5 l\u00f8pe og jage? Kjente og kj\u00e6re Kimble har blitt fornyet med en uventet vri! Fort deg rundt p\u00e5 spillebrettet for \u00e5 f\u00e5 brikkene dine hjem, men se opp for den dreiende banen og det vridende spillebrettet!<\/p>\n","protected":false},"featured_media":0,"template":"","meta":{"content-type":"","_monsterinsights_skip_tracking":false,"_monsterinsights_sitenote_active":false,"_monsterinsights_sitenote_note":"","_monsterinsights_sitenote_category":0},"product_brand":[],"product_cat":[1619],"product_tag":[1003,352,974],"brand":[{"id":1338,"name":"Kimble","slug":"kimble-5"}],"target-group":[],"discontinued":[],"class_list":{"0":"post-201975","1":"product","2":"type-product","3":"status-publish","5":"product_cat-brettspill","6":"product_tag-hell","7":"product_tag-strategi","8":"product_tag-taktikk","9":"brand-kimble-5","11":"first","12":"instock","13":"taxable","14":"shipping-taxable","15":"product-type-simple"},"aioseo_notices":[],"_links":{"self":[{"href":"https:\/\/games.tactic.net\/no\/wp-json\/wp\/v2\/product\/201975","targetHints":{"allow":["GET"]}}],"collection":[{"href":"https:\/\/games.tactic.net\/no\/wp-json\/wp\/v2\/product"}],"about":[{"href":"https:\/\/games.tactic.net\/no\/wp-json\/wp\/v2\/types\/product"}],"wp:attachment":[{"href":"https:\/\/games.tactic.net\/no\/wp-json\/wp\/v2\/media?parent=201975"}],"wp:term":[{"taxonomy":"product_brand","embeddable":true,"href":"https:\/\/games.tactic.net\/no\/wp-json\/wp\/v2\/product_brand?post=201975"},{"taxonomy":"product_cat","embeddable":true,"href":"https:\/\/games.tactic.net\/no\/wp-json\/wp\/v2\/product_cat?post=201975"},{"taxonomy":"product_tag","embeddable":true,"href":"https:\/\/games.tactic.net\/no\/wp-json\/wp\/v2\/product_tag?post=201975"},{"taxonomy":"brand","embeddable":true,"href":"https:\/\/games.tactic.net\/no\/wp-json\/wp\/v2\/brand?post=201975"},{"taxonomy":"target-group","embeddable":true,"href":"https:\/\/games.tactic.net\/no\/wp-json\/wp\/v2\/target-group?post=201975"},{"taxonomy":"discontinued","embeddable":true,"href":"https:\/\/games.tactic.net\/no\/wp-json\/wp\/v2\/discontinued?post=201975"}],"curies":[{"name":"wp","href":"https:\/\/api.w.org\/{rel}","templated":true}]}}