{"id":201818,"date":"2021-10-04T13:44:13","date_gmt":"2021-10-04T10:44:13","guid":{"rendered":"http:\/\/dev.tactic.net\/tuote\/amazing-maze\/"},"modified":"2024-03-12T08:52:36","modified_gmt":"2024-03-12T06:52:36","slug":"amazing-maze","status":"archive","type":"product","link":"https:\/\/games.tactic.net\/no\/tuote\/amazing-maze\/","title":{"rendered":"Amazing Maze"},"content":{"rendered":"<p>Har du noen gang pr\u00f8vd \u00e5 tegne med bind for \u00f8ynene? Det er akkurat like morsomt som det ser ut! Amazing Maze inneholder seks forskjellige labyrintbrett, og det er om \u00e5 gj\u00f8re \u00e5 tegne en linje fra start til m\u00e5l. Du kan ikke treffe veggene i labyrinten, ellers lyder prompeputa og avbl\u00e5ser turen din. Den beste til \u00e5 tegne i blinde vinner spillet!<\/p>\n","protected":false},"excerpt":{"rendered":"<p>Tegn deg gjennom krokene og svingene i en labyrint \u2013 i blinde! Dekk for \u00f8ynene med masken, og tegn deg gjennom en jungel, en fjern galakse og andre morsomme og fantastiske labyrinter! Hvis pennen din treffer veggen, er reisen din over fram til neste tur.<\/p>\n","protected":false},"featured_media":0,"template":"","meta":{"content-type":"","_monsterinsights_skip_tracking":false,"_monsterinsights_sitenote_active":false,"_monsterinsights_sitenote_note":"","_monsterinsights_sitenote_category":0},"product_brand":[],"product_cat":[1649,1619],"product_tag":[1251,1003],"brand":[],"target-group":[],"discontinued":[],"class_list":{"0":"post-201818","1":"product","2":"type-product","3":"status-archive","5":"product_cat-barnespill-barnespill","6":"product_cat-brettspill","7":"product_tag-ferdighet-no","8":"product_tag-hell","10":"first","11":"outofstock","12":"taxable","13":"shipping-taxable","14":"product-type-simple"},"aioseo_notices":[],"_links":{"self":[{"href":"https:\/\/games.tactic.net\/no\/wp-json\/wp\/v2\/product\/201818","targetHints":{"allow":["GET"]}}],"collection":[{"href":"https:\/\/games.tactic.net\/no\/wp-json\/wp\/v2\/product"}],"about":[{"href":"https:\/\/games.tactic.net\/no\/wp-json\/wp\/v2\/types\/product"}],"wp:attachment":[{"href":"https:\/\/games.tactic.net\/no\/wp-json\/wp\/v2\/media?parent=201818"}],"wp:term":[{"taxonomy":"product_brand","embeddable":true,"href":"https:\/\/games.tactic.net\/no\/wp-json\/wp\/v2\/product_brand?post=201818"},{"taxonomy":"product_cat","embeddable":true,"href":"https:\/\/games.tactic.net\/no\/wp-json\/wp\/v2\/product_cat?post=201818"},{"taxonomy":"product_tag","embeddable":true,"href":"https:\/\/games.tactic.net\/no\/wp-json\/wp\/v2\/product_tag?post=201818"},{"taxonomy":"brand","embeddable":true,"href":"https:\/\/games.tactic.net\/no\/wp-json\/wp\/v2\/brand?post=201818"},{"taxonomy":"target-group","embeddable":true,"href":"https:\/\/games.tactic.net\/no\/wp-json\/wp\/v2\/target-group?post=201818"},{"taxonomy":"discontinued","embeddable":true,"href":"https:\/\/games.tactic.net\/no\/wp-json\/wp\/v2\/discontinued?post=201818"}],"curies":[{"name":"wp","href":"https:\/\/api.w.org\/{rel}","templated":true}]}}