{"id":201717,"date":"2021-10-04T13:40:08","date_gmt":"2021-10-04T10:40:08","guid":{"rendered":"http:\/\/dev.tactic.net\/tuote\/pirate-treasure-hunt\/"},"modified":"2025-11-21T09:55:14","modified_gmt":"2025-11-21T07:55:14","slug":"pirate-treasure-hunt","status":"archive","type":"product","link":"https:\/\/games.tactic.net\/no\/tuote\/pirate-treasure-hunt\/","title":{"rendered":"Pirate Treasure hunt board game"},"content":{"rendered":"<p>\u00c5 lage en skattejakt har aldri v\u00e6re lett. Tegn eller skriv ned ledetr\u00e5der p\u00e5 ledetr\u00e5dkortene, gjem dem og send de lystige piratene p\u00e5 jakt etter skatten. Leken kan foreg\u00e5r b\u00e5de innend\u00f8rs og utend\u00f8rs, og er en fin m\u00e5te \u00e5 aktivisere barna p\u00e5.<br \/>\nEt enkelt steg for steg konsept for \u00e5 lage en skattejakt<br \/>\nInneholder sm\u00e5 skattesamlerposer, ledetr\u00e5dskort, whiteboardmarker og ordentlige metall-mynter.<br \/>\nGir masse fysisk aktivitet og morsomme oppgaver for sm\u00e5 pirater.<\/p>\n","protected":false},"excerpt":{"rendered":"<p>\u00c5 lage en skattejakt har aldri v\u00e6re lett. Tegn eller skriv ned ledetr\u00e5der p\u00e5 ledetr\u00e5dkortene, gjem dem og send de lystige piratene p\u00e5 jakt etter skatten. Leken kan foreg\u00e5r b\u00e5de innend\u00f8rs og utend\u00f8rs, og er en fin m\u00e5te \u00e5 aktivisere barna p\u00e5.<\/p>\n","protected":false},"featured_media":0,"template":"","meta":{"content-type":"","_monsterinsights_skip_tracking":false,"_monsterinsights_sitenote_active":false,"_monsterinsights_sitenote_note":"","_monsterinsights_sitenote_category":0},"product_brand":[],"product_cat":[1691],"product_tag":[324],"brand":[],"target-group":[],"discontinued":[],"class_list":{"0":"post-201717","1":"product","2":"type-product","3":"status-archive","5":"product_cat-andre-utespill-utespill-og-leker","6":"product_tag-kreativ","8":"first","9":"outofstock","10":"taxable","11":"shipping-taxable","12":"product-type-simple"},"aioseo_notices":[],"_links":{"self":[{"href":"https:\/\/games.tactic.net\/no\/wp-json\/wp\/v2\/product\/201717","targetHints":{"allow":["GET"]}}],"collection":[{"href":"https:\/\/games.tactic.net\/no\/wp-json\/wp\/v2\/product"}],"about":[{"href":"https:\/\/games.tactic.net\/no\/wp-json\/wp\/v2\/types\/product"}],"wp:attachment":[{"href":"https:\/\/games.tactic.net\/no\/wp-json\/wp\/v2\/media?parent=201717"}],"wp:term":[{"taxonomy":"product_brand","embeddable":true,"href":"https:\/\/games.tactic.net\/no\/wp-json\/wp\/v2\/product_brand?post=201717"},{"taxonomy":"product_cat","embeddable":true,"href":"https:\/\/games.tactic.net\/no\/wp-json\/wp\/v2\/product_cat?post=201717"},{"taxonomy":"product_tag","embeddable":true,"href":"https:\/\/games.tactic.net\/no\/wp-json\/wp\/v2\/product_tag?post=201717"},{"taxonomy":"brand","embeddable":true,"href":"https:\/\/games.tactic.net\/no\/wp-json\/wp\/v2\/brand?post=201717"},{"taxonomy":"target-group","embeddable":true,"href":"https:\/\/games.tactic.net\/no\/wp-json\/wp\/v2\/target-group?post=201717"},{"taxonomy":"discontinued","embeddable":true,"href":"https:\/\/games.tactic.net\/no\/wp-json\/wp\/v2\/discontinued?post=201717"}],"curies":[{"name":"wp","href":"https:\/\/api.w.org\/{rel}","templated":true}]}}