{"id":201687,"date":"2021-10-04T13:38:31","date_gmt":"2021-10-04T10:38:31","guid":{"rendered":"http:\/\/dev.tactic.net\/tuote\/sjorover-kimble\/"},"modified":"2025-11-21T09:57:09","modified_gmt":"2025-11-21T07:57:09","slug":"sjorover-kimble","status":"archive","type":"product","link":"https:\/\/games.tactic.net\/no\/tuote\/sjorover-kimble\/","title":{"rendered":"Kimble Pirate board game"},"content":{"rendered":"<p>Sj\u00f8r\u00f8verne er klare for et ellevilt kappl\u00f8p! \u00abPopp\u00bb terningen i midten av spillebrettet, og flytt spillebrikkene dine p\u00e5 sporet. Vinneren er den som f\u00f8rst flytter alle fire brikkene sine rundt brettet.<br \/>\nEn spennende kappl\u00f8p til m\u00e5llinjen.<br \/>\nSpillet og spilledelene er ekstremt holdbare.<\/p>\n","protected":false},"excerpt":{"rendered":"<p>Sj\u00f8r\u00f8verne er klare for et ellevilt kappl\u00f8p! \u00abPopp\u00bb terningen i midten av spillebrettet, og flytt spillebrikkene dine p\u00e5 sporet. Vinneren er den som f\u00f8rst flytter alle fire brikkene sine rundt brettet.<\/p>\n","protected":false},"featured_media":0,"template":"","meta":{"content-type":"","_monsterinsights_skip_tracking":false,"_monsterinsights_sitenote_active":false,"_monsterinsights_sitenote_note":"","_monsterinsights_sitenote_category":0},"product_brand":[],"product_cat":[1649],"product_tag":[974],"brand":[{"id":1338,"name":"Kimble","slug":"kimble-5"}],"target-group":[],"discontinued":[],"class_list":{"0":"post-201687","1":"product","2":"type-product","3":"status-archive","5":"product_cat-barnespill-barnespill","6":"product_tag-taktikk","7":"brand-kimble-5","9":"first","10":"outofstock","11":"taxable","12":"shipping-taxable","13":"product-type-simple"},"aioseo_notices":[],"_links":{"self":[{"href":"https:\/\/games.tactic.net\/no\/wp-json\/wp\/v2\/product\/201687","targetHints":{"allow":["GET"]}}],"collection":[{"href":"https:\/\/games.tactic.net\/no\/wp-json\/wp\/v2\/product"}],"about":[{"href":"https:\/\/games.tactic.net\/no\/wp-json\/wp\/v2\/types\/product"}],"wp:attachment":[{"href":"https:\/\/games.tactic.net\/no\/wp-json\/wp\/v2\/media?parent=201687"}],"wp:term":[{"taxonomy":"product_brand","embeddable":true,"href":"https:\/\/games.tactic.net\/no\/wp-json\/wp\/v2\/product_brand?post=201687"},{"taxonomy":"product_cat","embeddable":true,"href":"https:\/\/games.tactic.net\/no\/wp-json\/wp\/v2\/product_cat?post=201687"},{"taxonomy":"product_tag","embeddable":true,"href":"https:\/\/games.tactic.net\/no\/wp-json\/wp\/v2\/product_tag?post=201687"},{"taxonomy":"brand","embeddable":true,"href":"https:\/\/games.tactic.net\/no\/wp-json\/wp\/v2\/brand?post=201687"},{"taxonomy":"target-group","embeddable":true,"href":"https:\/\/games.tactic.net\/no\/wp-json\/wp\/v2\/target-group?post=201687"},{"taxonomy":"discontinued","embeddable":true,"href":"https:\/\/games.tactic.net\/no\/wp-json\/wp\/v2\/discontinued?post=201687"}],"curies":[{"name":"wp","href":"https:\/\/api.w.org\/{rel}","templated":true}]}}