{"id":201672,"date":"2021-10-04T13:37:48","date_gmt":"2021-10-04T10:37:48","guid":{"rendered":"http:\/\/dev.tactic.net\/tuote\/paw-patrolkwartet\/"},"modified":"2023-11-08T10:14:30","modified_gmt":"2023-11-08T08:14:30","slug":"paw-patrolkwartet","status":"archive","type":"product","link":"https:\/\/games.tactic.net\/no\/tuote\/paw-patrolkwartet\/","title":{"rendered":"Paw Patrol Kvartett"},"content":{"rendered":"<p>I dette fortryllende spillet vinner du ved \u00e5 f\u00e5 flest kvartetter! Samtidig l\u00e6rer du \u00e5 kjenne igjen farger og \u00e5 telle!<br \/>\nKortene er fargekodet, s\u00e5 du trenger ikke kunne lese!<br \/>\nSelv de minste barna kan spille!<br \/>\nMorsom m\u00e5te \u00e5 l\u00e6re telling og forskjellige farger p\u00e5.<\/p>\n","protected":false},"excerpt":{"rendered":"<p>I dette fortryllende spillet vinner du ved \u00e5 f\u00e5 flest kvartetter! Samtidig l\u00e6rer du \u00e5 kjenne igjen farger og \u00e5 telle!<\/p>\n","protected":false},"featured_media":0,"template":"","meta":{"content-type":"","_monsterinsights_skip_tracking":false,"_monsterinsights_sitenote_active":false,"_monsterinsights_sitenote_note":"","_monsterinsights_sitenote_category":0},"product_brand":[],"product_cat":[1649],"product_tag":[1233,1267],"brand":[],"target-group":[],"discontinued":[],"class_list":{"0":"post-201672","1":"product","2":"type-product","3":"status-archive","5":"product_cat-barnespill-barnespill","6":"product_tag-kombinere-no","7":"product_tag-sammen-no","9":"first","10":"instock","11":"taxable","12":"shipping-taxable","13":"product-type-simple"},"aioseo_notices":[],"_links":{"self":[{"href":"https:\/\/games.tactic.net\/no\/wp-json\/wp\/v2\/product\/201672","targetHints":{"allow":["GET"]}}],"collection":[{"href":"https:\/\/games.tactic.net\/no\/wp-json\/wp\/v2\/product"}],"about":[{"href":"https:\/\/games.tactic.net\/no\/wp-json\/wp\/v2\/types\/product"}],"wp:attachment":[{"href":"https:\/\/games.tactic.net\/no\/wp-json\/wp\/v2\/media?parent=201672"}],"wp:term":[{"taxonomy":"product_brand","embeddable":true,"href":"https:\/\/games.tactic.net\/no\/wp-json\/wp\/v2\/product_brand?post=201672"},{"taxonomy":"product_cat","embeddable":true,"href":"https:\/\/games.tactic.net\/no\/wp-json\/wp\/v2\/product_cat?post=201672"},{"taxonomy":"product_tag","embeddable":true,"href":"https:\/\/games.tactic.net\/no\/wp-json\/wp\/v2\/product_tag?post=201672"},{"taxonomy":"brand","embeddable":true,"href":"https:\/\/games.tactic.net\/no\/wp-json\/wp\/v2\/brand?post=201672"},{"taxonomy":"target-group","embeddable":true,"href":"https:\/\/games.tactic.net\/no\/wp-json\/wp\/v2\/target-group?post=201672"},{"taxonomy":"discontinued","embeddable":true,"href":"https:\/\/games.tactic.net\/no\/wp-json\/wp\/v2\/discontinued?post=201672"}],"curies":[{"name":"wp","href":"https:\/\/api.w.org\/{rel}","templated":true}]}}