{"id":201657,"date":"2021-10-04T13:36:22","date_gmt":"2021-10-04T10:36:22","guid":{"rendered":"http:\/\/dev.tactic.net\/tuote\/paw-patrol3-in-1\/"},"modified":"2024-06-10T15:18:07","modified_gmt":"2024-06-10T12:18:07","slug":"paw-patrol3-in-1","status":"publish","type":"product","link":"https:\/\/games.tactic.net\/no\/tuote\/paw-patrol3-in-1\/","title":{"rendered":"Paw Patrol 3-in-1"},"content":{"rendered":"<p>Tre klassiske og fortryllende spill i \u00e9n boks: Memo, Lotto og Domino. F\u00e5 deg s\u00e5 mange par brikker som mulig (Memo), finn brikker som er like bildene p\u00e5 bildebrettet ditt (Lotto), og bygg lange linjer med brikker (Domino).<br \/>\nSlitesterke brikker av h\u00f8y kvalitet.<\/p>\n","protected":false},"excerpt":{"rendered":"<p>Tre klassiske og fortryllende spill i \u00e9n boks: Memo, Lotto og Domino. F\u00e5 deg s\u00e5 mange par brikker som mulig (Memo), finn brikker som er like bildene p\u00e5 bildebrettet ditt (Lotto), og bygg lange linjer med brikker (Domino).<\/p>\n","protected":false},"featured_media":0,"template":"","meta":{"content-type":"","_monsterinsights_skip_tracking":false,"_monsterinsights_sitenote_active":false,"_monsterinsights_sitenote_note":"","_monsterinsights_sitenote_category":0},"product_brand":[],"product_cat":[1649,1651],"product_tag":[1233],"brand":[],"target-group":[],"discontinued":[],"class_list":{"0":"post-201657","1":"product","2":"type-product","3":"status-publish","5":"product_cat-barnespill-barnespill","6":"product_cat-memospill","7":"product_tag-kombinere-no","9":"first","10":"instock","11":"taxable","12":"shipping-taxable","13":"product-type-simple"},"aioseo_notices":[],"_links":{"self":[{"href":"https:\/\/games.tactic.net\/no\/wp-json\/wp\/v2\/product\/201657","targetHints":{"allow":["GET"]}}],"collection":[{"href":"https:\/\/games.tactic.net\/no\/wp-json\/wp\/v2\/product"}],"about":[{"href":"https:\/\/games.tactic.net\/no\/wp-json\/wp\/v2\/types\/product"}],"wp:attachment":[{"href":"https:\/\/games.tactic.net\/no\/wp-json\/wp\/v2\/media?parent=201657"}],"wp:term":[{"taxonomy":"product_brand","embeddable":true,"href":"https:\/\/games.tactic.net\/no\/wp-json\/wp\/v2\/product_brand?post=201657"},{"taxonomy":"product_cat","embeddable":true,"href":"https:\/\/games.tactic.net\/no\/wp-json\/wp\/v2\/product_cat?post=201657"},{"taxonomy":"product_tag","embeddable":true,"href":"https:\/\/games.tactic.net\/no\/wp-json\/wp\/v2\/product_tag?post=201657"},{"taxonomy":"brand","embeddable":true,"href":"https:\/\/games.tactic.net\/no\/wp-json\/wp\/v2\/brand?post=201657"},{"taxonomy":"target-group","embeddable":true,"href":"https:\/\/games.tactic.net\/no\/wp-json\/wp\/v2\/target-group?post=201657"},{"taxonomy":"discontinued","embeddable":true,"href":"https:\/\/games.tactic.net\/no\/wp-json\/wp\/v2\/discontinued?post=201657"}],"curies":[{"name":"wp","href":"https:\/\/api.w.org\/{rel}","templated":true}]}}