{"id":201642,"date":"2021-10-04T13:34:33","date_gmt":"2021-10-04T10:34:33","guid":{"rendered":"http:\/\/dev.tactic.net\/tuote\/lumo-starsmemorize\/"},"modified":"2022-02-17T09:44:48","modified_gmt":"2022-02-17T07:44:48","slug":"lumo-starsmemorize","status":"publish","type":"product","link":"https:\/\/games.tactic.net\/no\/tuote\/lumo-starsmemorize\/","title":{"rendered":"Lumo Stars Memorize"},"content":{"rendered":"<p>Mye Lumo Stars-moro med \u00e5 finne like bilder! Legg<br \/>\nut platene p\u00e5 bordet, og snu to av dem om gangen.<br \/>\nHvis bildene p\u00e5 platene er like, kan du ta dem.<br \/>\nVinneren av spillet er den som samler flest par! <\/p>\n<p>\u2022 Inneholder Lumo Stars-favorittene dine <\/p>\n<p>\u2022 Dette enkle spillet er perfekt for<br \/>\nselv de yngste spillerne.\n<\/p>\n<p>\u2022 Lar yngre spillere \u00f8ve p\u00e5 \u00e5 finne to like.<\/p>\n","protected":false},"excerpt":{"rendered":"<p><\/p>\n","protected":false},"featured_media":0,"template":"","meta":{"content-type":"","_monsterinsights_skip_tracking":false,"_monsterinsights_sitenote_active":false,"_monsterinsights_sitenote_note":"","_monsterinsights_sitenote_category":0},"product_brand":[],"product_cat":[1650,1651],"product_tag":[1233,1258],"brand":[{"id":1019,"name":"Lumo Stars","slug":"lumo-stars_no"}],"target-group":[],"discontinued":[],"class_list":{"0":"post-201642","1":"product","2":"type-product","3":"status-publish","5":"product_cat-andre-produkter","6":"product_cat-memospill","7":"product_tag-kombinere-no","8":"product_tag-lumo-stars-no","9":"brand-lumo-stars_no","11":"first","12":"instock","13":"taxable","14":"shipping-taxable","15":"product-type-simple"},"aioseo_notices":[],"_links":{"self":[{"href":"https:\/\/games.tactic.net\/no\/wp-json\/wp\/v2\/product\/201642","targetHints":{"allow":["GET"]}}],"collection":[{"href":"https:\/\/games.tactic.net\/no\/wp-json\/wp\/v2\/product"}],"about":[{"href":"https:\/\/games.tactic.net\/no\/wp-json\/wp\/v2\/types\/product"}],"wp:attachment":[{"href":"https:\/\/games.tactic.net\/no\/wp-json\/wp\/v2\/media?parent=201642"}],"wp:term":[{"taxonomy":"product_brand","embeddable":true,"href":"https:\/\/games.tactic.net\/no\/wp-json\/wp\/v2\/product_brand?post=201642"},{"taxonomy":"product_cat","embeddable":true,"href":"https:\/\/games.tactic.net\/no\/wp-json\/wp\/v2\/product_cat?post=201642"},{"taxonomy":"product_tag","embeddable":true,"href":"https:\/\/games.tactic.net\/no\/wp-json\/wp\/v2\/product_tag?post=201642"},{"taxonomy":"brand","embeddable":true,"href":"https:\/\/games.tactic.net\/no\/wp-json\/wp\/v2\/brand?post=201642"},{"taxonomy":"target-group","embeddable":true,"href":"https:\/\/games.tactic.net\/no\/wp-json\/wp\/v2\/target-group?post=201642"},{"taxonomy":"discontinued","embeddable":true,"href":"https:\/\/games.tactic.net\/no\/wp-json\/wp\/v2\/discontinued?post=201642"}],"curies":[{"name":"wp","href":"https:\/\/api.w.org\/{rel}","templated":true}]}}