{"id":201613,"date":"2021-10-04T13:32:44","date_gmt":"2021-10-04T10:32:44","guid":{"rendered":"http:\/\/dev.tactic.net\/tuote\/lumo-stars-kvartett\/"},"modified":"2023-10-25T17:04:44","modified_gmt":"2023-10-25T14:04:44","slug":"lumo-stars-kvartett","status":"publish","type":"product","link":"https:\/\/games.tactic.net\/no\/tuote\/lumo-stars-kvartett\/","title":{"rendered":"Lumo Stars Kwartet card game"},"content":{"rendered":"<p>I dette fortryllende Lumo Stars-spillet vinner du ved \u00e5 f\u00e5 flest kvartetter! Kortene er fulle av s\u00f8te og fargerike bilder av favorittfigurene dine i Lumo Stars. Samtidig l\u00e6rer du \u00e5 kjenne igjen farger og \u00e5 telle!<br \/>\nKortene er fargekodet, s\u00e5 du trenger ikke kunne lese!<br \/>\nSelv de minste barna kan spille!<br \/>\nMorsom m\u00e5te \u00e5 l\u00e6re telling og forskjellige farger p\u00e5.<\/p>\n","protected":false},"excerpt":{"rendered":"<p>I dette fortryllende Lumo Stars-spillet vinner du ved \u00e5 f\u00e5 flest kvartetter! Kortene er fulle av s\u00f8te og fargerike bilder av favorittfigurene dine i Lumo Stars. Samtidig l\u00e6rer du \u00e5 kjenne igjen farger og \u00e5 telle!<\/p>\n","protected":false},"featured_media":0,"template":"","meta":{"content-type":"","_monsterinsights_skip_tracking":false,"_monsterinsights_sitenote_active":false,"_monsterinsights_sitenote_note":"","_monsterinsights_sitenote_category":0},"product_brand":[],"product_cat":[1650,1649],"product_tag":[1233,1258],"brand":[{"id":1019,"name":"Lumo Stars","slug":"lumo-stars_no"}],"target-group":[],"discontinued":[],"class_list":{"0":"post-201613","1":"product","2":"type-product","3":"status-publish","5":"product_cat-andre-produkter","6":"product_cat-barnespill-barnespill","7":"product_tag-kombinere-no","8":"product_tag-lumo-stars-no","9":"brand-lumo-stars_no","11":"first","12":"instock","13":"taxable","14":"shipping-taxable","15":"product-type-simple"},"aioseo_notices":[],"_links":{"self":[{"href":"https:\/\/games.tactic.net\/no\/wp-json\/wp\/v2\/product\/201613","targetHints":{"allow":["GET"]}}],"collection":[{"href":"https:\/\/games.tactic.net\/no\/wp-json\/wp\/v2\/product"}],"about":[{"href":"https:\/\/games.tactic.net\/no\/wp-json\/wp\/v2\/types\/product"}],"wp:attachment":[{"href":"https:\/\/games.tactic.net\/no\/wp-json\/wp\/v2\/media?parent=201613"}],"wp:term":[{"taxonomy":"product_brand","embeddable":true,"href":"https:\/\/games.tactic.net\/no\/wp-json\/wp\/v2\/product_brand?post=201613"},{"taxonomy":"product_cat","embeddable":true,"href":"https:\/\/games.tactic.net\/no\/wp-json\/wp\/v2\/product_cat?post=201613"},{"taxonomy":"product_tag","embeddable":true,"href":"https:\/\/games.tactic.net\/no\/wp-json\/wp\/v2\/product_tag?post=201613"},{"taxonomy":"brand","embeddable":true,"href":"https:\/\/games.tactic.net\/no\/wp-json\/wp\/v2\/brand?post=201613"},{"taxonomy":"target-group","embeddable":true,"href":"https:\/\/games.tactic.net\/no\/wp-json\/wp\/v2\/target-group?post=201613"},{"taxonomy":"discontinued","embeddable":true,"href":"https:\/\/games.tactic.net\/no\/wp-json\/wp\/v2\/discontinued?post=201613"}],"curies":[{"name":"wp","href":"https:\/\/api.w.org\/{rel}","templated":true}]}}