{"id":201598,"date":"2021-10-04T13:31:53","date_gmt":"2021-10-04T10:31:53","guid":{"rendered":"http:\/\/dev.tactic.net\/tuote\/lumo-3-i-1-memo-lotto-domino\/"},"modified":"2023-10-25T13:37:28","modified_gmt":"2023-10-25T10:37:28","slug":"lumo-3-i-1-memo-lotto-domino","status":"publish","type":"product","link":"https:\/\/games.tactic.net\/no\/tuote\/lumo-3-i-1-memo-lotto-domino\/","title":{"rendered":"Lumo Stars 3 in 1 Memo, Lotto, Domino"},"content":{"rendered":"<p>Tre klassiske og fortryllende spill i \u00e9n boks: Memo, Lotto og Domino. F\u00e5 deg s\u00e5 mange par brikker som mulig (Memo), finn brikker som er like bildene p\u00e5 bildebrettet ditt (Lotto), og bygg lange linjer med brikker (Domino).<br \/>\nVakre Lumo Stars-illustrasjoner fulle av nordisk magi!<br \/>\nSlitesterke brikker av h\u00f8y kvalitet.<\/p>\n","protected":false},"excerpt":{"rendered":"<p>Tre klassiske og fortryllende spill i \u00e9n boks: Memo, Lotto og Domino. F\u00e5 deg s\u00e5 mange par brikker som mulig (Memo), finn brikker som er like bildene p\u00e5 bildebrettet ditt (Lotto), og bygg lange linjer med brikker (Domino).<\/p>\n","protected":false},"featured_media":0,"template":"","meta":{"content-type":"","_monsterinsights_skip_tracking":false,"_monsterinsights_sitenote_active":false,"_monsterinsights_sitenote_note":"","_monsterinsights_sitenote_category":0},"product_brand":[],"product_cat":[1650,1649],"product_tag":[1003,1233,1258],"brand":[{"id":1019,"name":"Lumo Stars","slug":"lumo-stars_no"}],"target-group":[],"discontinued":[],"class_list":{"0":"post-201598","1":"product","2":"type-product","3":"status-publish","5":"product_cat-andre-produkter","6":"product_cat-barnespill-barnespill","7":"product_tag-hell","8":"product_tag-kombinere-no","9":"product_tag-lumo-stars-no","10":"brand-lumo-stars_no","12":"first","13":"instock","14":"taxable","15":"shipping-taxable","16":"product-type-simple"},"aioseo_notices":[],"_links":{"self":[{"href":"https:\/\/games.tactic.net\/no\/wp-json\/wp\/v2\/product\/201598","targetHints":{"allow":["GET"]}}],"collection":[{"href":"https:\/\/games.tactic.net\/no\/wp-json\/wp\/v2\/product"}],"about":[{"href":"https:\/\/games.tactic.net\/no\/wp-json\/wp\/v2\/types\/product"}],"wp:attachment":[{"href":"https:\/\/games.tactic.net\/no\/wp-json\/wp\/v2\/media?parent=201598"}],"wp:term":[{"taxonomy":"product_brand","embeddable":true,"href":"https:\/\/games.tactic.net\/no\/wp-json\/wp\/v2\/product_brand?post=201598"},{"taxonomy":"product_cat","embeddable":true,"href":"https:\/\/games.tactic.net\/no\/wp-json\/wp\/v2\/product_cat?post=201598"},{"taxonomy":"product_tag","embeddable":true,"href":"https:\/\/games.tactic.net\/no\/wp-json\/wp\/v2\/product_tag?post=201598"},{"taxonomy":"brand","embeddable":true,"href":"https:\/\/games.tactic.net\/no\/wp-json\/wp\/v2\/brand?post=201598"},{"taxonomy":"target-group","embeddable":true,"href":"https:\/\/games.tactic.net\/no\/wp-json\/wp\/v2\/target-group?post=201598"},{"taxonomy":"discontinued","embeddable":true,"href":"https:\/\/games.tactic.net\/no\/wp-json\/wp\/v2\/discontinued?post=201598"}],"curies":[{"name":"wp","href":"https:\/\/api.w.org\/{rel}","templated":true}]}}